{"id":9817,"date":"2026-04-28T23:30:46","date_gmt":"2026-04-28T21:30:46","guid":{"rendered":"https:\/\/www.zoko.ro\/p\/figurina-model-corb-in-zbor-pentru-alungarea-pasarilor-gonga\/"},"modified":"2026-04-28T23:30:46","modified_gmt":"2026-04-28T21:30:46","slug":"figurina-model-corb-in-zbor-pentru-alungarea-pasarilor-gonga","status":"publish","type":"product","link":"https:\/\/www.zoko.ro\/en\/p\/figurina-model-corb-in-zbor-pentru-alungarea-pasarilor-gonga\/","title":{"rendered":"Figurina model corb in zbor, pentru alungarea pasarilor, Gonga\u00ae"},"content":{"rendered":"<p><strong>Culoare:<\/strong> Negru<\/p>\n<p>Un corb realist, \u00een m\u0103rime natural\u0103, \u00een zbor. Fabricat din plastic durabil &#8211; un resping\u0103tor extrem de eficient pentru p\u0103s\u0103ri. Metod\u0103 convenabil\u0103 de asamblare (cablu inclus \u00een set). Scapa de oaspetii enervanti din gradina sau balconul tau!<\/p>\n<\/p>\n<p>Caracteristicile produsului:<\/p>\n<\/p>\n<p>&#8211; Corb artificial cu aspect \u0219i dimensiuni realiste, ac\u021bion\u00e2nd ca un factor de descurajare pentru p\u0103s\u0103ri (porumbei, grauri etc.) pentru hr\u0103nirea pe teren sau \u00een gr\u0103din\u0103.<\/p>\n<p>&#8211; De asemenea, util pentru a sc\u0103pa de p\u0103s\u0103rile care \u00ee\u0219i las\u0103 excrementele pe balcoane \u0219i pervazuri.<\/p>\n<p>&#8211; Rezisten\u021b\u0103 deplin\u0103 la radia\u021bii UV \u0219i condi\u021bii meteorologice dificile. Produs multigrad.<\/p>\n<p>&#8211; Mod convenabil de asamblare (cablu).<\/p>\n<p>&#8211; Material: plastic<\/p>\n<p>&#8211; Latime (anvergura aripilor): 57 cm<\/p>\n<p>&#8211; Lungime: 40 cm<\/p>\n<p>&#8211; Inaltime (fara montaj): 10 cm<\/p>","protected":false},"excerpt":{"rendered":"<p>Culoare: Negru Un corb realist, \u00een m\u0103rime natural\u0103, \u00een zbor. Fabricat din plastic durabil &#8211; un resping\u0103tor extrem de eficient<\/p>","protected":false},"featured_media":9819,"comment_status":"open","ping_status":"open","template":"","meta":[],"product_brand":[],"product_cat":[99,100,129],"product_tag":[],"class_list":{"0":"post-9817","1":"product","2":"type-product","3":"status-publish","4":"has-post-thumbnail","6":"product_cat-acasa","7":"product_cat-casa-gradina","8":"product_cat-gradinarit","9":"pa_culoare-negru","11":"first","12":"outofstock","13":"sale","14":"purchasable","15":"product-type-simple"},"yoast_head":"<!-- This site is optimized with the Yoast SEO plugin v27.2 - https:\/\/yoast.com\/product\/yoast-seo-wordpress\/ -->\n<title>Figurina model corb in zbor, pentru alungarea pasarilor, Gonga\u00ae | ZOKO<\/title>\n<meta name=\"robots\" content=\"index, follow, max-snippet:-1, max-image-preview:large, max-video-preview:-1\" \/>\n<link rel=\"canonical\" href=\"https:\/\/www.zoko.ro\/en\/p\/figurina-model-corb-in-zbor-pentru-alungarea-pasarilor-gonga\/\" \/>\n<meta property=\"og:locale\" content=\"en_GB\" \/>\n<meta property=\"og:type\" content=\"article\" \/>\n<meta property=\"og:title\" content=\"Figurina model corb in zbor, pentru alungarea pasarilor, Gonga\u00ae | ZOKO\" \/>\n<meta property=\"og:description\" content=\"Culoare: Negru Un corb realist, \u00een m\u0103rime natural\u0103, \u00een zbor. Fabricat din plastic durabil &#8211; un resping\u0103tor extrem de eficient\" \/>\n<meta property=\"og:url\" content=\"https:\/\/www.zoko.ro\/en\/p\/figurina-model-corb-in-zbor-pentru-alungarea-pasarilor-gonga\/\" \/>\n<meta property=\"og:site_name\" content=\"ZOKO\" \/>\n<meta property=\"article:publisher\" content=\"https:\/\/www.facebook.com\/profile.php?id=61584344135075\" \/>\n<meta property=\"og:image\" content=\"https:\/\/www.zoko.ro\/wp-content\/uploads\/2025\/03\/figurina-model-corb-in-zbor-pentru-alungarea-pasarilor-gonga.jpg\" \/>\n\t<meta property=\"og:image:width\" content=\"1200\" \/>\n\t<meta property=\"og:image:height\" content=\"941\" \/>\n\t<meta property=\"og:image:type\" content=\"image\/jpeg\" \/>\n<meta name=\"twitter:card\" content=\"summary_large_image\" \/>\n<meta name=\"twitter:label1\" content=\"Estimated reading time\" \/>\n\t<meta name=\"twitter:data1\" content=\"1 minute\" \/>\n<script type=\"application\/ld+json\" class=\"yoast-schema-graph\">{\"@context\":\"https:\/\/schema.org\",\"@graph\":[{\"@type\":\"WebPage\",\"@id\":\"https:\/\/www.zoko.ro\/p\/figurina-model-corb-in-zbor-pentru-alungarea-pasarilor-gonga\/\",\"url\":\"https:\/\/www.zoko.ro\/p\/figurina-model-corb-in-zbor-pentru-alungarea-pasarilor-gonga\/\",\"name\":\"Figurina model corb in zbor, pentru alungarea pasarilor, Gonga\u00ae | ZOKO\",\"isPartOf\":{\"@id\":\"https:\/\/www.zoko.ro\/#website\"},\"primaryImageOfPage\":{\"@id\":\"https:\/\/www.zoko.ro\/p\/figurina-model-corb-in-zbor-pentru-alungarea-pasarilor-gonga\/#primaryimage\"},\"image\":{\"@id\":\"https:\/\/www.zoko.ro\/p\/figurina-model-corb-in-zbor-pentru-alungarea-pasarilor-gonga\/#primaryimage\"},\"thumbnailUrl\":\"https:\/\/www.zoko.ro\/wp-content\/uploads\/2025\/03\/figurina-model-corb-in-zbor-pentru-alungarea-pasarilor-gonga.jpg\",\"datePublished\":\"2026-04-28T21:30:46+00:00\",\"breadcrumb\":{\"@id\":\"https:\/\/www.zoko.ro\/p\/figurina-model-corb-in-zbor-pentru-alungarea-pasarilor-gonga\/#breadcrumb\"},\"inLanguage\":\"en-GB\",\"potentialAction\":[{\"@type\":\"ReadAction\",\"target\":[\"https:\/\/www.zoko.ro\/p\/figurina-model-corb-in-zbor-pentru-alungarea-pasarilor-gonga\/\"]}]},{\"@type\":\"ImageObject\",\"inLanguage\":\"en-GB\",\"@id\":\"https:\/\/www.zoko.ro\/p\/figurina-model-corb-in-zbor-pentru-alungarea-pasarilor-gonga\/#primaryimage\",\"url\":\"https:\/\/www.zoko.ro\/wp-content\/uploads\/2025\/03\/figurina-model-corb-in-zbor-pentru-alungarea-pasarilor-gonga.jpg\",\"contentUrl\":\"https:\/\/www.zoko.ro\/wp-content\/uploads\/2025\/03\/figurina-model-corb-in-zbor-pentru-alungarea-pasarilor-gonga.jpg\",\"width\":1200,\"height\":941},{\"@type\":\"BreadcrumbList\",\"@id\":\"https:\/\/www.zoko.ro\/p\/figurina-model-corb-in-zbor-pentru-alungarea-pasarilor-gonga\/#breadcrumb\",\"itemListElement\":[{\"@type\":\"ListItem\",\"position\":1,\"name\":\"Home\",\"item\":\"https:\/\/www.zoko.ro\/\"},{\"@type\":\"ListItem\",\"position\":2,\"name\":\"Magazin\",\"item\":\"https:\/\/www.zoko.ro\/magazin\/\"},{\"@type\":\"ListItem\",\"position\":3,\"name\":\"Figurina model corb in zbor, pentru alungarea pasarilor, Gonga\u00ae\"}]},{\"@type\":\"WebSite\",\"@id\":\"https:\/\/www.zoko.ro\/#website\",\"url\":\"https:\/\/www.zoko.ro\/\",\"name\":\"ZOKO.ro\",\"description\":\"Cump\u0103r\u0103 inteligent\",\"publisher\":{\"@id\":\"https:\/\/www.zoko.ro\/#organization\"},\"potentialAction\":[{\"@type\":\"SearchAction\",\"target\":{\"@type\":\"EntryPoint\",\"urlTemplate\":\"https:\/\/www.zoko.ro\/?s={search_term_string}\"},\"query-input\":{\"@type\":\"PropertyValueSpecification\",\"valueRequired\":true,\"valueName\":\"search_term_string\"}}],\"inLanguage\":\"en-GB\"},{\"@type\":\"Organization\",\"@id\":\"https:\/\/www.zoko.ro\/#organization\",\"name\":\"ZOKO\",\"url\":\"https:\/\/www.zoko.ro\/\",\"logo\":{\"@type\":\"ImageObject\",\"inLanguage\":\"en-GB\",\"@id\":\"https:\/\/www.zoko.ro\/#\/schema\/logo\/image\/\",\"url\":\"https:\/\/www.zoko.ro\/wp-content\/uploads\/2025\/03\/logo1.svg\",\"contentUrl\":\"https:\/\/www.zoko.ro\/wp-content\/uploads\/2025\/03\/logo1.svg\",\"width\":799,\"height\":216,\"caption\":\"ZOKO\"},\"image\":{\"@id\":\"https:\/\/www.zoko.ro\/#\/schema\/logo\/image\/\"},\"sameAs\":[\"https:\/\/www.facebook.com\/profile.php?id=61584344135075\"]}]}<\/script>\n<!-- \/ Yoast SEO plugin. -->","yoast_head_json":{"title":"Figurina model corb in zbor, pentru alungarea pasarilor, Gonga\u00ae | ZOKO","robots":{"index":"index","follow":"follow","max-snippet":"max-snippet:-1","max-image-preview":"max-image-preview:large","max-video-preview":"max-video-preview:-1"},"canonical":"https:\/\/www.zoko.ro\/en\/p\/figurina-model-corb-in-zbor-pentru-alungarea-pasarilor-gonga\/","og_locale":"en_GB","og_type":"article","og_title":"Figurina model corb in zbor, pentru alungarea pasarilor, Gonga\u00ae | ZOKO","og_description":"Culoare: Negru Un corb realist, \u00een m\u0103rime natural\u0103, \u00een zbor. Fabricat din plastic durabil &#8211; un resping\u0103tor extrem de eficient","og_url":"https:\/\/www.zoko.ro\/en\/p\/figurina-model-corb-in-zbor-pentru-alungarea-pasarilor-gonga\/","og_site_name":"ZOKO","article_publisher":"https:\/\/www.facebook.com\/profile.php?id=61584344135075","og_image":[{"width":1200,"height":941,"url":"https:\/\/www.zoko.ro\/wp-content\/uploads\/2025\/03\/figurina-model-corb-in-zbor-pentru-alungarea-pasarilor-gonga.jpg","type":"image\/jpeg"}],"twitter_card":"summary_large_image","twitter_misc":{"Estimated reading time":"1 minute"},"schema":{"@context":"https:\/\/schema.org","@graph":[{"@type":"WebPage","@id":"https:\/\/www.zoko.ro\/p\/figurina-model-corb-in-zbor-pentru-alungarea-pasarilor-gonga\/","url":"https:\/\/www.zoko.ro\/p\/figurina-model-corb-in-zbor-pentru-alungarea-pasarilor-gonga\/","name":"Figurina model corb in zbor, pentru alungarea pasarilor, Gonga\u00ae | ZOKO","isPartOf":{"@id":"https:\/\/www.zoko.ro\/#website"},"primaryImageOfPage":{"@id":"https:\/\/www.zoko.ro\/p\/figurina-model-corb-in-zbor-pentru-alungarea-pasarilor-gonga\/#primaryimage"},"image":{"@id":"https:\/\/www.zoko.ro\/p\/figurina-model-corb-in-zbor-pentru-alungarea-pasarilor-gonga\/#primaryimage"},"thumbnailUrl":"https:\/\/www.zoko.ro\/wp-content\/uploads\/2025\/03\/figurina-model-corb-in-zbor-pentru-alungarea-pasarilor-gonga.jpg","datePublished":"2026-04-28T21:30:46+00:00","breadcrumb":{"@id":"https:\/\/www.zoko.ro\/p\/figurina-model-corb-in-zbor-pentru-alungarea-pasarilor-gonga\/#breadcrumb"},"inLanguage":"en-GB","potentialAction":[{"@type":"ReadAction","target":["https:\/\/www.zoko.ro\/p\/figurina-model-corb-in-zbor-pentru-alungarea-pasarilor-gonga\/"]}]},{"@type":"ImageObject","inLanguage":"en-GB","@id":"https:\/\/www.zoko.ro\/p\/figurina-model-corb-in-zbor-pentru-alungarea-pasarilor-gonga\/#primaryimage","url":"https:\/\/www.zoko.ro\/wp-content\/uploads\/2025\/03\/figurina-model-corb-in-zbor-pentru-alungarea-pasarilor-gonga.jpg","contentUrl":"https:\/\/www.zoko.ro\/wp-content\/uploads\/2025\/03\/figurina-model-corb-in-zbor-pentru-alungarea-pasarilor-gonga.jpg","width":1200,"height":941},{"@type":"BreadcrumbList","@id":"https:\/\/www.zoko.ro\/p\/figurina-model-corb-in-zbor-pentru-alungarea-pasarilor-gonga\/#breadcrumb","itemListElement":[{"@type":"ListItem","position":1,"name":"Home","item":"https:\/\/www.zoko.ro\/"},{"@type":"ListItem","position":2,"name":"Magazin","item":"https:\/\/www.zoko.ro\/magazin\/"},{"@type":"ListItem","position":3,"name":"Figurina model corb in zbor, pentru alungarea pasarilor, Gonga\u00ae"}]},{"@type":"WebSite","@id":"https:\/\/www.zoko.ro\/#website","url":"https:\/\/www.zoko.ro\/","name":"ZOKO.ro","description":"Cump\u0103r\u0103 inteligent","publisher":{"@id":"https:\/\/www.zoko.ro\/#organization"},"potentialAction":[{"@type":"SearchAction","target":{"@type":"EntryPoint","urlTemplate":"https:\/\/www.zoko.ro\/?s={search_term_string}"},"query-input":{"@type":"PropertyValueSpecification","valueRequired":true,"valueName":"search_term_string"}}],"inLanguage":"en-GB"},{"@type":"Organization","@id":"https:\/\/www.zoko.ro\/#organization","name":"ZOKO","url":"https:\/\/www.zoko.ro\/","logo":{"@type":"ImageObject","inLanguage":"en-GB","@id":"https:\/\/www.zoko.ro\/#\/schema\/logo\/image\/","url":"https:\/\/www.zoko.ro\/wp-content\/uploads\/2025\/03\/logo1.svg","contentUrl":"https:\/\/www.zoko.ro\/wp-content\/uploads\/2025\/03\/logo1.svg","width":799,"height":216,"caption":"ZOKO"},"image":{"@id":"https:\/\/www.zoko.ro\/#\/schema\/logo\/image\/"},"sameAs":["https:\/\/www.facebook.com\/profile.php?id=61584344135075"]}]}},"_links":{"self":[{"href":"https:\/\/www.zoko.ro\/en\/wp-json\/wp\/v2\/product\/9817","targetHints":{"allow":["GET"]}}],"collection":[{"href":"https:\/\/www.zoko.ro\/en\/wp-json\/wp\/v2\/product"}],"about":[{"href":"https:\/\/www.zoko.ro\/en\/wp-json\/wp\/v2\/types\/product"}],"replies":[{"embeddable":true,"href":"https:\/\/www.zoko.ro\/en\/wp-json\/wp\/v2\/comments?post=9817"}],"version-history":[{"count":1,"href":"https:\/\/www.zoko.ro\/en\/wp-json\/wp\/v2\/product\/9817\/revisions"}],"predecessor-version":[{"id":9818,"href":"https:\/\/www.zoko.ro\/en\/wp-json\/wp\/v2\/product\/9817\/revisions\/9818"}],"wp:featuredmedia":[{"embeddable":true,"href":"https:\/\/www.zoko.ro\/en\/wp-json\/wp\/v2\/media\/9819"}],"wp:attachment":[{"href":"https:\/\/www.zoko.ro\/en\/wp-json\/wp\/v2\/media?parent=9817"}],"wp:term":[{"taxonomy":"product_brand","embeddable":true,"href":"https:\/\/www.zoko.ro\/en\/wp-json\/wp\/v2\/product_brand?post=9817"},{"taxonomy":"product_cat","embeddable":true,"href":"https:\/\/www.zoko.ro\/en\/wp-json\/wp\/v2\/product_cat?post=9817"},{"taxonomy":"product_tag","embeddable":true,"href":"https:\/\/www.zoko.ro\/en\/wp-json\/wp\/v2\/product_tag?post=9817"}],"curies":[{"name":"wp","href":"https:\/\/api.w.org\/{rel}","templated":true}]}}