{"id":9841,"date":"2026-04-28T23:30:49","date_gmt":"2026-04-28T21:30:49","guid":{"rendered":"https:\/\/www.zoko.ro\/p\/lustra-cu-6-pendule-e27-model-spider-multicolor-gonga\/"},"modified":"2026-04-28T23:30:49","modified_gmt":"2026-04-28T21:30:49","slug":"lustra-cu-6-pendule-e27-model-spider-multicolor-gonga","status":"publish","type":"product","link":"https:\/\/www.zoko.ro\/en\/p\/lustra-cu-6-pendule-e27-model-spider-multicolor-gonga\/","title":{"rendered":"Lustra Cu 6 Pendule E27, Model Spider, Multicolor, Gonga\u00ae"},"content":{"rendered":"<p><strong>Culoare:<\/strong> Multicolor<\/p>\n<p>Un element decorativ minunat &#8211; un candelabru colorat de tip p\u0103ianjen cu 6 puncte de lumin\u0103. Toate punctele de lumin\u0103 au un cablu lung de 115 cm cu soclu pentru becuri E27. Este posibil\u0103 scurtarea acestuia, ceea ce \u00eei va permite s\u0103 fie mai bine adaptat la condi\u021biile din interiorul \u00eenc\u0103perii. Este o idee grozav\u0103 pentru decorarea camerelor \u00een stil mansard\u0103 sau pentru luminarea col\u021burilor \u00eentunecate. Se potrive\u0219te perfect at\u00e2t cu becurile clasice rotunde E27, c\u00e2t \u0219i cu orice becuri decorative cu acela\u0219i fir. Culoarea intens\u0103 va fi perfect\u0103, de exemplu, \u00een camerele copiilor.<\/p>\n<\/p>\n<p>Caracteristicile produsului:<\/p>\n<\/p>\n<p>&#8211; Candelabru p\u0103ianjen colorat &#8211; fiecare bra\u021b \u0219i cablu \u00eentr-o culoare diferit\u0103.<\/p>\n<p>&#8211; Un element decorativ perfect cu p\u00e2n\u0103 la 6 socluri de becuri E27 (\u0219techer standard).<\/p>\n<p>&#8211; Cabluri lungi (p\u00e2n\u0103 la 115 cm) cu posibilitatea de scurtare suplimentar\u0103 a acestora.<\/p>\n<p>&#8211; Proiectat pentru montare pe tavan (ca un candelabru \/ lamp\u0103 de perete standard).<\/p>\n<p>&#8211; Ilumineaz\u0103 col\u021burile \u00eentunecate \u0219i d\u0103-le pu\u021bin\u0103 culoare.<\/p>\n<p>&#8211; Cabluri \u00eempletite robuste.<\/p>\n<\/p>\n<p>Specifica\u021bie:<\/p>\n<\/p>\n<p>&#8211; Material: plastic (PVC) si metal<\/p>\n<p>&#8211; Alimentare: 230V 50Hz (de la re\u021bea)<\/p>\n<p>&#8211; Soclu bec: E27<\/p>\n<p>&#8211; Putere maxima bec: 60W<\/p>\n<p>&#8211; Num\u0103r de puncte de lumin\u0103: 6<\/p>\n<p>&#8211; Lungime (cablu simplu): 115 cm (poate fi scurtat)<\/p>\n<p>&#8211; Culoare: multicolor (rosu, roz, galben, verde, albastru, violet)<\/p>\n<\/p>\n<p>NOT\u0102: Nu ad\u0103ug\u0103m becuri \u00een set!<\/p>\n<\/p>\n<p>Inclus:<\/p>\n<\/p>\n<p>&#8211; Candelabru echipat cu 6 puncte de lumina E27 (cu fixari)<\/p>\n<p>&#8211; Baza de amplasat pe tavan<\/p>\n<p>&#8211; Elemente de montare<\/p>","protected":false},"excerpt":{"rendered":"<p>Culoare: Multicolor Un element decorativ minunat &#8211; un candelabru colorat de tip p\u0103ianjen cu 6 puncte de lumin\u0103. Toate punctele<\/p>","protected":false},"featured_media":9843,"comment_status":"open","ping_status":"open","template":"","meta":[],"product_brand":[],"product_cat":[99,100,112],"product_tag":[104],"class_list":{"0":"post-9841","1":"product","2":"type-product","3":"status-publish","4":"has-post-thumbnail","6":"product_cat-acasa","7":"product_cat-casa-gradina","8":"product_cat-iluminat-electrice","9":"product_tag-in-stoc","10":"pa_culoare-multicolor","12":"first","13":"instock","14":"sale","15":"purchasable","16":"product-type-simple"},"yoast_head":"<!-- This site is optimized with the Yoast SEO plugin v27.2 - https:\/\/yoast.com\/product\/yoast-seo-wordpress\/ -->\n<title>Lustra Cu 6 Pendule E27, Model Spider, Multicolor, Gonga\u00ae | ZOKO<\/title>\n<meta name=\"robots\" content=\"index, follow, max-snippet:-1, max-image-preview:large, max-video-preview:-1\" \/>\n<link rel=\"canonical\" href=\"https:\/\/www.zoko.ro\/en\/p\/lustra-cu-6-pendule-e27-model-spider-multicolor-gonga\/\" \/>\n<meta property=\"og:locale\" content=\"en_GB\" \/>\n<meta property=\"og:type\" content=\"article\" \/>\n<meta property=\"og:title\" content=\"Lustra Cu 6 Pendule E27, Model Spider, Multicolor, Gonga\u00ae | ZOKO\" \/>\n<meta property=\"og:description\" content=\"Culoare: Multicolor Un element decorativ minunat &#8211; un candelabru colorat de tip p\u0103ianjen cu 6 puncte de lumin\u0103. Toate punctele\" \/>\n<meta property=\"og:url\" content=\"https:\/\/www.zoko.ro\/en\/p\/lustra-cu-6-pendule-e27-model-spider-multicolor-gonga\/\" \/>\n<meta property=\"og:site_name\" content=\"ZOKO\" \/>\n<meta property=\"article:publisher\" content=\"https:\/\/www.facebook.com\/profile.php?id=61584344135075\" \/>\n<meta property=\"og:image\" content=\"https:\/\/www.zoko.ro\/wp-content\/uploads\/2025\/03\/lustra-cu-6-pendule-e27-model-spider-multicolor-gonga.jpg\" \/>\n\t<meta property=\"og:image:width\" content=\"1200\" \/>\n\t<meta property=\"og:image:height\" content=\"1200\" \/>\n\t<meta property=\"og:image:type\" content=\"image\/jpeg\" \/>\n<meta name=\"twitter:card\" content=\"summary_large_image\" \/>\n<meta name=\"twitter:label1\" content=\"Estimated reading time\" \/>\n\t<meta name=\"twitter:data1\" content=\"1 minute\" \/>\n<script type=\"application\/ld+json\" class=\"yoast-schema-graph\">{\"@context\":\"https:\/\/schema.org\",\"@graph\":[{\"@type\":\"WebPage\",\"@id\":\"https:\/\/www.zoko.ro\/p\/lustra-cu-6-pendule-e27-model-spider-multicolor-gonga\/\",\"url\":\"https:\/\/www.zoko.ro\/p\/lustra-cu-6-pendule-e27-model-spider-multicolor-gonga\/\",\"name\":\"Lustra Cu 6 Pendule E27, Model Spider, Multicolor, Gonga\u00ae | ZOKO\",\"isPartOf\":{\"@id\":\"https:\/\/www.zoko.ro\/#website\"},\"primaryImageOfPage\":{\"@id\":\"https:\/\/www.zoko.ro\/p\/lustra-cu-6-pendule-e27-model-spider-multicolor-gonga\/#primaryimage\"},\"image\":{\"@id\":\"https:\/\/www.zoko.ro\/p\/lustra-cu-6-pendule-e27-model-spider-multicolor-gonga\/#primaryimage\"},\"thumbnailUrl\":\"https:\/\/www.zoko.ro\/wp-content\/uploads\/2025\/03\/lustra-cu-6-pendule-e27-model-spider-multicolor-gonga.jpg\",\"datePublished\":\"2026-04-28T21:30:49+00:00\",\"breadcrumb\":{\"@id\":\"https:\/\/www.zoko.ro\/p\/lustra-cu-6-pendule-e27-model-spider-multicolor-gonga\/#breadcrumb\"},\"inLanguage\":\"en-GB\",\"potentialAction\":[{\"@type\":\"ReadAction\",\"target\":[\"https:\/\/www.zoko.ro\/p\/lustra-cu-6-pendule-e27-model-spider-multicolor-gonga\/\"]}]},{\"@type\":\"ImageObject\",\"inLanguage\":\"en-GB\",\"@id\":\"https:\/\/www.zoko.ro\/p\/lustra-cu-6-pendule-e27-model-spider-multicolor-gonga\/#primaryimage\",\"url\":\"https:\/\/www.zoko.ro\/wp-content\/uploads\/2025\/03\/lustra-cu-6-pendule-e27-model-spider-multicolor-gonga.jpg\",\"contentUrl\":\"https:\/\/www.zoko.ro\/wp-content\/uploads\/2025\/03\/lustra-cu-6-pendule-e27-model-spider-multicolor-gonga.jpg\",\"width\":1200,\"height\":1200},{\"@type\":\"BreadcrumbList\",\"@id\":\"https:\/\/www.zoko.ro\/p\/lustra-cu-6-pendule-e27-model-spider-multicolor-gonga\/#breadcrumb\",\"itemListElement\":[{\"@type\":\"ListItem\",\"position\":1,\"name\":\"Home\",\"item\":\"https:\/\/www.zoko.ro\/\"},{\"@type\":\"ListItem\",\"position\":2,\"name\":\"Magazin\",\"item\":\"https:\/\/www.zoko.ro\/magazin\/\"},{\"@type\":\"ListItem\",\"position\":3,\"name\":\"Lustra Cu 6 Pendule E27, Model Spider, Multicolor, Gonga\u00ae\"}]},{\"@type\":\"WebSite\",\"@id\":\"https:\/\/www.zoko.ro\/#website\",\"url\":\"https:\/\/www.zoko.ro\/\",\"name\":\"ZOKO.ro\",\"description\":\"Cump\u0103r\u0103 inteligent\",\"publisher\":{\"@id\":\"https:\/\/www.zoko.ro\/#organization\"},\"potentialAction\":[{\"@type\":\"SearchAction\",\"target\":{\"@type\":\"EntryPoint\",\"urlTemplate\":\"https:\/\/www.zoko.ro\/?s={search_term_string}\"},\"query-input\":{\"@type\":\"PropertyValueSpecification\",\"valueRequired\":true,\"valueName\":\"search_term_string\"}}],\"inLanguage\":\"en-GB\"},{\"@type\":\"Organization\",\"@id\":\"https:\/\/www.zoko.ro\/#organization\",\"name\":\"ZOKO\",\"url\":\"https:\/\/www.zoko.ro\/\",\"logo\":{\"@type\":\"ImageObject\",\"inLanguage\":\"en-GB\",\"@id\":\"https:\/\/www.zoko.ro\/#\/schema\/logo\/image\/\",\"url\":\"https:\/\/www.zoko.ro\/wp-content\/uploads\/2025\/03\/logo1.svg\",\"contentUrl\":\"https:\/\/www.zoko.ro\/wp-content\/uploads\/2025\/03\/logo1.svg\",\"width\":799,\"height\":216,\"caption\":\"ZOKO\"},\"image\":{\"@id\":\"https:\/\/www.zoko.ro\/#\/schema\/logo\/image\/\"},\"sameAs\":[\"https:\/\/www.facebook.com\/profile.php?id=61584344135075\"]}]}<\/script>\n<!-- \/ Yoast SEO plugin. -->","yoast_head_json":{"title":"Lustra Cu 6 Pendule E27, Model Spider, Multicolor, Gonga\u00ae | ZOKO","robots":{"index":"index","follow":"follow","max-snippet":"max-snippet:-1","max-image-preview":"max-image-preview:large","max-video-preview":"max-video-preview:-1"},"canonical":"https:\/\/www.zoko.ro\/en\/p\/lustra-cu-6-pendule-e27-model-spider-multicolor-gonga\/","og_locale":"en_GB","og_type":"article","og_title":"Lustra Cu 6 Pendule E27, Model Spider, Multicolor, Gonga\u00ae | ZOKO","og_description":"Culoare: Multicolor Un element decorativ minunat &#8211; un candelabru colorat de tip p\u0103ianjen cu 6 puncte de lumin\u0103. Toate punctele","og_url":"https:\/\/www.zoko.ro\/en\/p\/lustra-cu-6-pendule-e27-model-spider-multicolor-gonga\/","og_site_name":"ZOKO","article_publisher":"https:\/\/www.facebook.com\/profile.php?id=61584344135075","og_image":[{"width":1200,"height":1200,"url":"https:\/\/www.zoko.ro\/wp-content\/uploads\/2025\/03\/lustra-cu-6-pendule-e27-model-spider-multicolor-gonga.jpg","type":"image\/jpeg"}],"twitter_card":"summary_large_image","twitter_misc":{"Estimated reading time":"1 minute"},"schema":{"@context":"https:\/\/schema.org","@graph":[{"@type":"WebPage","@id":"https:\/\/www.zoko.ro\/p\/lustra-cu-6-pendule-e27-model-spider-multicolor-gonga\/","url":"https:\/\/www.zoko.ro\/p\/lustra-cu-6-pendule-e27-model-spider-multicolor-gonga\/","name":"Lustra Cu 6 Pendule E27, Model Spider, Multicolor, Gonga\u00ae | ZOKO","isPartOf":{"@id":"https:\/\/www.zoko.ro\/#website"},"primaryImageOfPage":{"@id":"https:\/\/www.zoko.ro\/p\/lustra-cu-6-pendule-e27-model-spider-multicolor-gonga\/#primaryimage"},"image":{"@id":"https:\/\/www.zoko.ro\/p\/lustra-cu-6-pendule-e27-model-spider-multicolor-gonga\/#primaryimage"},"thumbnailUrl":"https:\/\/www.zoko.ro\/wp-content\/uploads\/2025\/03\/lustra-cu-6-pendule-e27-model-spider-multicolor-gonga.jpg","datePublished":"2026-04-28T21:30:49+00:00","breadcrumb":{"@id":"https:\/\/www.zoko.ro\/p\/lustra-cu-6-pendule-e27-model-spider-multicolor-gonga\/#breadcrumb"},"inLanguage":"en-GB","potentialAction":[{"@type":"ReadAction","target":["https:\/\/www.zoko.ro\/p\/lustra-cu-6-pendule-e27-model-spider-multicolor-gonga\/"]}]},{"@type":"ImageObject","inLanguage":"en-GB","@id":"https:\/\/www.zoko.ro\/p\/lustra-cu-6-pendule-e27-model-spider-multicolor-gonga\/#primaryimage","url":"https:\/\/www.zoko.ro\/wp-content\/uploads\/2025\/03\/lustra-cu-6-pendule-e27-model-spider-multicolor-gonga.jpg","contentUrl":"https:\/\/www.zoko.ro\/wp-content\/uploads\/2025\/03\/lustra-cu-6-pendule-e27-model-spider-multicolor-gonga.jpg","width":1200,"height":1200},{"@type":"BreadcrumbList","@id":"https:\/\/www.zoko.ro\/p\/lustra-cu-6-pendule-e27-model-spider-multicolor-gonga\/#breadcrumb","itemListElement":[{"@type":"ListItem","position":1,"name":"Home","item":"https:\/\/www.zoko.ro\/"},{"@type":"ListItem","position":2,"name":"Magazin","item":"https:\/\/www.zoko.ro\/magazin\/"},{"@type":"ListItem","position":3,"name":"Lustra Cu 6 Pendule E27, Model Spider, Multicolor, Gonga\u00ae"}]},{"@type":"WebSite","@id":"https:\/\/www.zoko.ro\/#website","url":"https:\/\/www.zoko.ro\/","name":"ZOKO.ro","description":"Cump\u0103r\u0103 inteligent","publisher":{"@id":"https:\/\/www.zoko.ro\/#organization"},"potentialAction":[{"@type":"SearchAction","target":{"@type":"EntryPoint","urlTemplate":"https:\/\/www.zoko.ro\/?s={search_term_string}"},"query-input":{"@type":"PropertyValueSpecification","valueRequired":true,"valueName":"search_term_string"}}],"inLanguage":"en-GB"},{"@type":"Organization","@id":"https:\/\/www.zoko.ro\/#organization","name":"ZOKO","url":"https:\/\/www.zoko.ro\/","logo":{"@type":"ImageObject","inLanguage":"en-GB","@id":"https:\/\/www.zoko.ro\/#\/schema\/logo\/image\/","url":"https:\/\/www.zoko.ro\/wp-content\/uploads\/2025\/03\/logo1.svg","contentUrl":"https:\/\/www.zoko.ro\/wp-content\/uploads\/2025\/03\/logo1.svg","width":799,"height":216,"caption":"ZOKO"},"image":{"@id":"https:\/\/www.zoko.ro\/#\/schema\/logo\/image\/"},"sameAs":["https:\/\/www.facebook.com\/profile.php?id=61584344135075"]}]}},"_links":{"self":[{"href":"https:\/\/www.zoko.ro\/en\/wp-json\/wp\/v2\/product\/9841","targetHints":{"allow":["GET"]}}],"collection":[{"href":"https:\/\/www.zoko.ro\/en\/wp-json\/wp\/v2\/product"}],"about":[{"href":"https:\/\/www.zoko.ro\/en\/wp-json\/wp\/v2\/types\/product"}],"replies":[{"embeddable":true,"href":"https:\/\/www.zoko.ro\/en\/wp-json\/wp\/v2\/comments?post=9841"}],"version-history":[{"count":1,"href":"https:\/\/www.zoko.ro\/en\/wp-json\/wp\/v2\/product\/9841\/revisions"}],"predecessor-version":[{"id":9842,"href":"https:\/\/www.zoko.ro\/en\/wp-json\/wp\/v2\/product\/9841\/revisions\/9842"}],"wp:featuredmedia":[{"embeddable":true,"href":"https:\/\/www.zoko.ro\/en\/wp-json\/wp\/v2\/media\/9843"}],"wp:attachment":[{"href":"https:\/\/www.zoko.ro\/en\/wp-json\/wp\/v2\/media?parent=9841"}],"wp:term":[{"taxonomy":"product_brand","embeddable":true,"href":"https:\/\/www.zoko.ro\/en\/wp-json\/wp\/v2\/product_brand?post=9841"},{"taxonomy":"product_cat","embeddable":true,"href":"https:\/\/www.zoko.ro\/en\/wp-json\/wp\/v2\/product_cat?post=9841"},{"taxonomy":"product_tag","embeddable":true,"href":"https:\/\/www.zoko.ro\/en\/wp-json\/wp\/v2\/product_tag?post=9841"}],"curies":[{"name":"wp","href":"https:\/\/api.w.org\/{rel}","templated":true}]}}