{"id":9859,"date":"2026-04-28T23:30:49","date_gmt":"2026-04-28T21:30:49","guid":{"rendered":"https:\/\/www.zoko.ro\/p\/perie-tip-rola-cu-gel-pentru-curatat-haine-gonga\/"},"modified":"2026-04-28T23:30:49","modified_gmt":"2026-04-28T21:30:49","slug":"perie-tip-rola-cu-gel-pentru-curatat-haine-gonga","status":"publish","type":"product","link":"https:\/\/www.zoko.ro\/en\/p\/perie-tip-rola-cu-gel-pentru-curatat-haine-gonga\/","title":{"rendered":"Perie tip rola cu gel pentru curatat haine, Gonga\u00ae"},"content":{"rendered":"<p><strong>Culoare:<\/strong> Albastru<\/p>\n<p>Cu siguran\u021b\u0103 \u00ee\u021bi iube\u0219ti animalul de companie, dar nu \u0219i scamele \u0219i p\u0103rul pe care le las\u0103 pe hainele sau pe canapeaua ta.<\/p>\n<\/p>\n<p>Peria inovatoare pentru cur\u0103\u021barea suprafe\u021belor te poate ajuta s\u0103 \u00ee\u021bi men\u021bii casa ordonat\u0103 \u0219i hainele curate.<\/p>\n<\/p>\n<p>Datorit\u0103 acesteia, po\u021bi \u00eendep\u0103rta rapid p\u0103rul \u0219i alte scame mici de pe haine, tapi\u021berie \u0219i covoare.<\/p>\n<\/p>\n<p>Designul simplu al periei de tip rol\u0103 este un mare avantaj al acestui dispozitiv deoarece nu necesit\u0103 utilizarea bateriilor sau conexiune la curent. Este \u00eentotdeauna gata de utilizare.\u00a0<\/p>\n<\/p>\n<p>Peria nu func\u021bioneaz\u0103 pe suprafe\u021be umede.<\/p>\n<\/p>\n<p>Datorit\u0103 suprafe\u021bei de silicon, va colecta chiar \u0219i cele mai \u00eenc\u0103p\u0103\u021b\u00e2nate particule de puf \u0219i p\u0103r ad\u00e2nc \u00eencorporat \u00een tapi\u021berie sau haine. Peria este reutilizabil\u0103, a\u0219adar vei economisi bani \u0219i timp \u00een acela\u0219i timp.<\/p>\n<\/p>\n<p>Este suficient s\u0103 speli peria sub jet de ap\u0103 \u0219i s\u0103 a\u0219tep\u021bi s\u0103 se usuce pentru a te putea bucura din nou de propriet\u0103\u021bile sale de cur\u0103\u021bare.<\/p>\n<\/p>\n<p>Caracteristicile \u0219i specifica\u021biile produsului:<\/p>\n<\/p>\n<p>&#8211; Material: Plastic<\/p>\n<p>&#8211; Culoare: Albastru<\/p>\n<p>&#8211; Dimensiune rola \u00eentreag\u0103: 18cm x 11cm x 5cm<\/p>","protected":false},"excerpt":{"rendered":"<p>Culoare: Albastru Cu siguran\u021b\u0103 \u00ee\u021bi iube\u0219ti animalul de companie, dar nu \u0219i scamele \u0219i p\u0103rul pe care le las\u0103 pe<\/p>","protected":false},"featured_media":9861,"comment_status":"open","ping_status":"open","template":"","meta":[],"product_brand":[],"product_cat":[99,118,114],"product_tag":[104],"class_list":{"0":"post-9859","1":"product","2":"type-product","3":"status-publish","4":"has-post-thumbnail","6":"product_cat-acasa","7":"product_cat-cosmetice-produse-ingrijire-personala","8":"product_cat-ingrijire-personala-cosmetice","9":"product_tag-in-stoc","10":"pa_culoare-albastru","12":"first","13":"instock","14":"sale","15":"purchasable","16":"product-type-simple"},"yoast_head":"<!-- This site is optimized with the Yoast SEO plugin v27.2 - https:\/\/yoast.com\/product\/yoast-seo-wordpress\/ -->\n<title>Perie tip rola cu gel pentru curatat haine, Gonga\u00ae | ZOKO<\/title>\n<meta name=\"robots\" content=\"index, follow, max-snippet:-1, max-image-preview:large, max-video-preview:-1\" \/>\n<link rel=\"canonical\" href=\"https:\/\/www.zoko.ro\/en\/p\/perie-tip-rola-cu-gel-pentru-curatat-haine-gonga\/\" \/>\n<meta property=\"og:locale\" content=\"en_GB\" \/>\n<meta property=\"og:type\" content=\"article\" \/>\n<meta property=\"og:title\" content=\"Perie tip rola cu gel pentru curatat haine, Gonga\u00ae | ZOKO\" \/>\n<meta property=\"og:description\" content=\"Culoare: Albastru Cu siguran\u021b\u0103 \u00ee\u021bi iube\u0219ti animalul de companie, dar nu \u0219i scamele \u0219i p\u0103rul pe care le las\u0103 pe\" \/>\n<meta property=\"og:url\" content=\"https:\/\/www.zoko.ro\/en\/p\/perie-tip-rola-cu-gel-pentru-curatat-haine-gonga\/\" \/>\n<meta property=\"og:site_name\" content=\"ZOKO\" \/>\n<meta property=\"article:publisher\" content=\"https:\/\/www.facebook.com\/profile.php?id=61584344135075\" \/>\n<meta property=\"og:image\" content=\"https:\/\/www.zoko.ro\/wp-content\/uploads\/2025\/03\/perie-tip-rola-cu-gel-pentru-curatat-haine-gonga.jpg\" \/>\n\t<meta property=\"og:image:width\" content=\"800\" \/>\n\t<meta property=\"og:image:height\" content=\"800\" \/>\n\t<meta property=\"og:image:type\" content=\"image\/jpeg\" \/>\n<meta name=\"twitter:card\" content=\"summary_large_image\" \/>\n<meta name=\"twitter:label1\" content=\"Estimated reading time\" \/>\n\t<meta name=\"twitter:data1\" content=\"1 minute\" \/>\n<script type=\"application\/ld+json\" class=\"yoast-schema-graph\">{\"@context\":\"https:\/\/schema.org\",\"@graph\":[{\"@type\":\"WebPage\",\"@id\":\"https:\/\/www.zoko.ro\/p\/perie-tip-rola-cu-gel-pentru-curatat-haine-gonga\/\",\"url\":\"https:\/\/www.zoko.ro\/p\/perie-tip-rola-cu-gel-pentru-curatat-haine-gonga\/\",\"name\":\"Perie tip rola cu gel pentru curatat haine, Gonga\u00ae | ZOKO\",\"isPartOf\":{\"@id\":\"https:\/\/www.zoko.ro\/#website\"},\"primaryImageOfPage\":{\"@id\":\"https:\/\/www.zoko.ro\/p\/perie-tip-rola-cu-gel-pentru-curatat-haine-gonga\/#primaryimage\"},\"image\":{\"@id\":\"https:\/\/www.zoko.ro\/p\/perie-tip-rola-cu-gel-pentru-curatat-haine-gonga\/#primaryimage\"},\"thumbnailUrl\":\"https:\/\/www.zoko.ro\/wp-content\/uploads\/2025\/03\/perie-tip-rola-cu-gel-pentru-curatat-haine-gonga.jpg\",\"datePublished\":\"2026-04-28T21:30:49+00:00\",\"breadcrumb\":{\"@id\":\"https:\/\/www.zoko.ro\/p\/perie-tip-rola-cu-gel-pentru-curatat-haine-gonga\/#breadcrumb\"},\"inLanguage\":\"en-GB\",\"potentialAction\":[{\"@type\":\"ReadAction\",\"target\":[\"https:\/\/www.zoko.ro\/p\/perie-tip-rola-cu-gel-pentru-curatat-haine-gonga\/\"]}]},{\"@type\":\"ImageObject\",\"inLanguage\":\"en-GB\",\"@id\":\"https:\/\/www.zoko.ro\/p\/perie-tip-rola-cu-gel-pentru-curatat-haine-gonga\/#primaryimage\",\"url\":\"https:\/\/www.zoko.ro\/wp-content\/uploads\/2025\/03\/perie-tip-rola-cu-gel-pentru-curatat-haine-gonga.jpg\",\"contentUrl\":\"https:\/\/www.zoko.ro\/wp-content\/uploads\/2025\/03\/perie-tip-rola-cu-gel-pentru-curatat-haine-gonga.jpg\",\"width\":800,\"height\":800},{\"@type\":\"BreadcrumbList\",\"@id\":\"https:\/\/www.zoko.ro\/p\/perie-tip-rola-cu-gel-pentru-curatat-haine-gonga\/#breadcrumb\",\"itemListElement\":[{\"@type\":\"ListItem\",\"position\":1,\"name\":\"Home\",\"item\":\"https:\/\/www.zoko.ro\/\"},{\"@type\":\"ListItem\",\"position\":2,\"name\":\"Magazin\",\"item\":\"https:\/\/www.zoko.ro\/magazin\/\"},{\"@type\":\"ListItem\",\"position\":3,\"name\":\"Perie tip rola cu gel pentru curatat haine, Gonga\u00ae\"}]},{\"@type\":\"WebSite\",\"@id\":\"https:\/\/www.zoko.ro\/#website\",\"url\":\"https:\/\/www.zoko.ro\/\",\"name\":\"ZOKO.ro\",\"description\":\"Cump\u0103r\u0103 inteligent\",\"publisher\":{\"@id\":\"https:\/\/www.zoko.ro\/#organization\"},\"potentialAction\":[{\"@type\":\"SearchAction\",\"target\":{\"@type\":\"EntryPoint\",\"urlTemplate\":\"https:\/\/www.zoko.ro\/?s={search_term_string}\"},\"query-input\":{\"@type\":\"PropertyValueSpecification\",\"valueRequired\":true,\"valueName\":\"search_term_string\"}}],\"inLanguage\":\"en-GB\"},{\"@type\":\"Organization\",\"@id\":\"https:\/\/www.zoko.ro\/#organization\",\"name\":\"ZOKO\",\"url\":\"https:\/\/www.zoko.ro\/\",\"logo\":{\"@type\":\"ImageObject\",\"inLanguage\":\"en-GB\",\"@id\":\"https:\/\/www.zoko.ro\/#\/schema\/logo\/image\/\",\"url\":\"https:\/\/www.zoko.ro\/wp-content\/uploads\/2025\/03\/logo1.svg\",\"contentUrl\":\"https:\/\/www.zoko.ro\/wp-content\/uploads\/2025\/03\/logo1.svg\",\"width\":799,\"height\":216,\"caption\":\"ZOKO\"},\"image\":{\"@id\":\"https:\/\/www.zoko.ro\/#\/schema\/logo\/image\/\"},\"sameAs\":[\"https:\/\/www.facebook.com\/profile.php?id=61584344135075\"]}]}<\/script>\n<!-- \/ Yoast SEO plugin. -->","yoast_head_json":{"title":"Perie tip rola cu gel pentru curatat haine, Gonga\u00ae | ZOKO","robots":{"index":"index","follow":"follow","max-snippet":"max-snippet:-1","max-image-preview":"max-image-preview:large","max-video-preview":"max-video-preview:-1"},"canonical":"https:\/\/www.zoko.ro\/en\/p\/perie-tip-rola-cu-gel-pentru-curatat-haine-gonga\/","og_locale":"en_GB","og_type":"article","og_title":"Perie tip rola cu gel pentru curatat haine, Gonga\u00ae | ZOKO","og_description":"Culoare: Albastru Cu siguran\u021b\u0103 \u00ee\u021bi iube\u0219ti animalul de companie, dar nu \u0219i scamele \u0219i p\u0103rul pe care le las\u0103 pe","og_url":"https:\/\/www.zoko.ro\/en\/p\/perie-tip-rola-cu-gel-pentru-curatat-haine-gonga\/","og_site_name":"ZOKO","article_publisher":"https:\/\/www.facebook.com\/profile.php?id=61584344135075","og_image":[{"width":800,"height":800,"url":"https:\/\/www.zoko.ro\/wp-content\/uploads\/2025\/03\/perie-tip-rola-cu-gel-pentru-curatat-haine-gonga.jpg","type":"image\/jpeg"}],"twitter_card":"summary_large_image","twitter_misc":{"Estimated reading time":"1 minute"},"schema":{"@context":"https:\/\/schema.org","@graph":[{"@type":"WebPage","@id":"https:\/\/www.zoko.ro\/p\/perie-tip-rola-cu-gel-pentru-curatat-haine-gonga\/","url":"https:\/\/www.zoko.ro\/p\/perie-tip-rola-cu-gel-pentru-curatat-haine-gonga\/","name":"Perie tip rola cu gel pentru curatat haine, Gonga\u00ae | ZOKO","isPartOf":{"@id":"https:\/\/www.zoko.ro\/#website"},"primaryImageOfPage":{"@id":"https:\/\/www.zoko.ro\/p\/perie-tip-rola-cu-gel-pentru-curatat-haine-gonga\/#primaryimage"},"image":{"@id":"https:\/\/www.zoko.ro\/p\/perie-tip-rola-cu-gel-pentru-curatat-haine-gonga\/#primaryimage"},"thumbnailUrl":"https:\/\/www.zoko.ro\/wp-content\/uploads\/2025\/03\/perie-tip-rola-cu-gel-pentru-curatat-haine-gonga.jpg","datePublished":"2026-04-28T21:30:49+00:00","breadcrumb":{"@id":"https:\/\/www.zoko.ro\/p\/perie-tip-rola-cu-gel-pentru-curatat-haine-gonga\/#breadcrumb"},"inLanguage":"en-GB","potentialAction":[{"@type":"ReadAction","target":["https:\/\/www.zoko.ro\/p\/perie-tip-rola-cu-gel-pentru-curatat-haine-gonga\/"]}]},{"@type":"ImageObject","inLanguage":"en-GB","@id":"https:\/\/www.zoko.ro\/p\/perie-tip-rola-cu-gel-pentru-curatat-haine-gonga\/#primaryimage","url":"https:\/\/www.zoko.ro\/wp-content\/uploads\/2025\/03\/perie-tip-rola-cu-gel-pentru-curatat-haine-gonga.jpg","contentUrl":"https:\/\/www.zoko.ro\/wp-content\/uploads\/2025\/03\/perie-tip-rola-cu-gel-pentru-curatat-haine-gonga.jpg","width":800,"height":800},{"@type":"BreadcrumbList","@id":"https:\/\/www.zoko.ro\/p\/perie-tip-rola-cu-gel-pentru-curatat-haine-gonga\/#breadcrumb","itemListElement":[{"@type":"ListItem","position":1,"name":"Home","item":"https:\/\/www.zoko.ro\/"},{"@type":"ListItem","position":2,"name":"Magazin","item":"https:\/\/www.zoko.ro\/magazin\/"},{"@type":"ListItem","position":3,"name":"Perie tip rola cu gel pentru curatat haine, Gonga\u00ae"}]},{"@type":"WebSite","@id":"https:\/\/www.zoko.ro\/#website","url":"https:\/\/www.zoko.ro\/","name":"ZOKO.ro","description":"Cump\u0103r\u0103 inteligent","publisher":{"@id":"https:\/\/www.zoko.ro\/#organization"},"potentialAction":[{"@type":"SearchAction","target":{"@type":"EntryPoint","urlTemplate":"https:\/\/www.zoko.ro\/?s={search_term_string}"},"query-input":{"@type":"PropertyValueSpecification","valueRequired":true,"valueName":"search_term_string"}}],"inLanguage":"en-GB"},{"@type":"Organization","@id":"https:\/\/www.zoko.ro\/#organization","name":"ZOKO","url":"https:\/\/www.zoko.ro\/","logo":{"@type":"ImageObject","inLanguage":"en-GB","@id":"https:\/\/www.zoko.ro\/#\/schema\/logo\/image\/","url":"https:\/\/www.zoko.ro\/wp-content\/uploads\/2025\/03\/logo1.svg","contentUrl":"https:\/\/www.zoko.ro\/wp-content\/uploads\/2025\/03\/logo1.svg","width":799,"height":216,"caption":"ZOKO"},"image":{"@id":"https:\/\/www.zoko.ro\/#\/schema\/logo\/image\/"},"sameAs":["https:\/\/www.facebook.com\/profile.php?id=61584344135075"]}]}},"_links":{"self":[{"href":"https:\/\/www.zoko.ro\/en\/wp-json\/wp\/v2\/product\/9859","targetHints":{"allow":["GET"]}}],"collection":[{"href":"https:\/\/www.zoko.ro\/en\/wp-json\/wp\/v2\/product"}],"about":[{"href":"https:\/\/www.zoko.ro\/en\/wp-json\/wp\/v2\/types\/product"}],"replies":[{"embeddable":true,"href":"https:\/\/www.zoko.ro\/en\/wp-json\/wp\/v2\/comments?post=9859"}],"version-history":[{"count":1,"href":"https:\/\/www.zoko.ro\/en\/wp-json\/wp\/v2\/product\/9859\/revisions"}],"predecessor-version":[{"id":9860,"href":"https:\/\/www.zoko.ro\/en\/wp-json\/wp\/v2\/product\/9859\/revisions\/9860"}],"wp:featuredmedia":[{"embeddable":true,"href":"https:\/\/www.zoko.ro\/en\/wp-json\/wp\/v2\/media\/9861"}],"wp:attachment":[{"href":"https:\/\/www.zoko.ro\/en\/wp-json\/wp\/v2\/media?parent=9859"}],"wp:term":[{"taxonomy":"product_brand","embeddable":true,"href":"https:\/\/www.zoko.ro\/en\/wp-json\/wp\/v2\/product_brand?post=9859"},{"taxonomy":"product_cat","embeddable":true,"href":"https:\/\/www.zoko.ro\/en\/wp-json\/wp\/v2\/product_cat?post=9859"},{"taxonomy":"product_tag","embeddable":true,"href":"https:\/\/www.zoko.ro\/en\/wp-json\/wp\/v2\/product_tag?post=9859"}],"curies":[{"name":"wp","href":"https:\/\/api.w.org\/{rel}","templated":true}]}}