{"id":9927,"date":"2026-04-28T23:30:53","date_gmt":"2026-04-28T21:30:53","guid":{"rendered":"https:\/\/www.zoko.ro\/p\/husa-de-protectie-pentru-robinet-de-exterior-impotriva-inghetului-gonga\/"},"modified":"2026-04-28T23:30:53","modified_gmt":"2026-04-28T21:30:53","slug":"husa-de-protectie-pentru-robinet-de-exterior-impotriva-inghetului-gonga","status":"publish","type":"product","link":"https:\/\/www.zoko.ro\/en\/p\/husa-de-protectie-pentru-robinet-de-exterior-impotriva-inghetului-gonga\/","title":{"rendered":"Husa de protectie pentru robinet de exterior \u00eempotriva inghetului, Gonga\u00ae"},"content":{"rendered":"<p><strong>Culoare:<\/strong> Negru<\/p>\n<p>Husa protejeaz\u0103 eficient robinetele de exterior \u00eempotriva frigului, elimin\u00e2nd riscul de a le deteriora dac\u0103 apa \u00eenghea\u021b\u0103. Foarte u\u0219or de asamblat, doar pozi\u021biona\u021bi husa peste robinet \u0219i str\u00e2nge\u021bi-o cu cureaua Velcro.<\/p>\n<\/p>\n<p>Suprafa\u021ba husei de protec\u021bie pentru robinetul de gr\u0103din\u0103 este realizat\u0103 din material Oxford impermeabil, a\u0219adar c\u0103ptu\u0219eala izolatoare din interiorul husei protejeaz\u0103 \u00eempotriv\u0103 formarii ghe\u021bii, fiind ideal\u0103 chiar \u0219i pentru zilele ploioase.<\/p>\n<\/p>\n<p>Designul universal al husei anti-\u00eenghe\u021b ofer\u0103 posibilitatea de a fi utilizat\u0103 pentru o varietate de robinete de exterior, forma \u0219i dimensiunea acestuia neafect\u00e2nd capacitatea de protec\u021bie \u00eempotriva \u00eenghe\u021bului.<\/p>\n<\/p>\n<p>Caracteristicile \u0219i specifica\u021biile produsului:<\/p>\n<\/p>\n<p>&#8211; Material: plastic (oxford PU)<\/p>\n<p>&#8211; Dimensiuni: 20 cm x 15 cm<\/p>\n<p>&#8211; Culoare: Negru<\/p><\/p>","protected":false},"excerpt":{"rendered":"<p>Culoare: Negru Husa protejeaz\u0103 eficient robinetele de exterior \u00eempotriva frigului, elimin\u00e2nd riscul de a le deteriora dac\u0103 apa \u00eenghea\u021b\u0103. Foarte<\/p>","protected":false},"featured_media":9929,"comment_status":"open","ping_status":"open","template":"","meta":[],"product_brand":[],"product_cat":[99,100,129],"product_tag":[104],"class_list":{"0":"post-9927","1":"product","2":"type-product","3":"status-publish","4":"has-post-thumbnail","6":"product_cat-acasa","7":"product_cat-casa-gradina","8":"product_cat-gradinarit","9":"product_tag-in-stoc","10":"pa_culoare-negru","12":"first","13":"instock","14":"sale","15":"purchasable","16":"product-type-simple"},"yoast_head":"<!-- This site is optimized with the Yoast SEO plugin v27.2 - https:\/\/yoast.com\/product\/yoast-seo-wordpress\/ -->\n<title>Husa de protectie pentru robinet de exterior \u00eempotriva inghetului, Gonga\u00ae | ZOKO<\/title>\n<meta name=\"robots\" content=\"index, follow, max-snippet:-1, max-image-preview:large, max-video-preview:-1\" \/>\n<link rel=\"canonical\" href=\"https:\/\/www.zoko.ro\/en\/p\/husa-de-protectie-pentru-robinet-de-exterior-impotriva-inghetului-gonga\/\" \/>\n<meta property=\"og:locale\" content=\"en_GB\" \/>\n<meta property=\"og:type\" content=\"article\" \/>\n<meta property=\"og:title\" content=\"Husa de protectie pentru robinet de exterior \u00eempotriva inghetului, Gonga\u00ae | ZOKO\" \/>\n<meta property=\"og:description\" content=\"Culoare: Negru Husa protejeaz\u0103 eficient robinetele de exterior \u00eempotriva frigului, elimin\u00e2nd riscul de a le deteriora dac\u0103 apa \u00eenghea\u021b\u0103. Foarte\" \/>\n<meta property=\"og:url\" content=\"https:\/\/www.zoko.ro\/en\/p\/husa-de-protectie-pentru-robinet-de-exterior-impotriva-inghetului-gonga\/\" \/>\n<meta property=\"og:site_name\" content=\"ZOKO\" \/>\n<meta property=\"article:publisher\" content=\"https:\/\/www.facebook.com\/profile.php?id=61584344135075\" \/>\n<meta property=\"og:image\" content=\"https:\/\/www.zoko.ro\/wp-content\/uploads\/2025\/03\/husa-de-protectie-pentru-robinet-de-exterior-impotriva-inghetului-gonga.jpg\" \/>\n\t<meta property=\"og:image:width\" content=\"800\" \/>\n\t<meta property=\"og:image:height\" content=\"800\" \/>\n\t<meta property=\"og:image:type\" content=\"image\/jpeg\" \/>\n<meta name=\"twitter:card\" content=\"summary_large_image\" \/>\n<meta name=\"twitter:label1\" content=\"Estimated reading time\" \/>\n\t<meta name=\"twitter:data1\" content=\"1 minute\" \/>\n<script type=\"application\/ld+json\" class=\"yoast-schema-graph\">{\"@context\":\"https:\/\/schema.org\",\"@graph\":[{\"@type\":\"WebPage\",\"@id\":\"https:\/\/www.zoko.ro\/p\/husa-de-protectie-pentru-robinet-de-exterior-impotriva-inghetului-gonga\/\",\"url\":\"https:\/\/www.zoko.ro\/p\/husa-de-protectie-pentru-robinet-de-exterior-impotriva-inghetului-gonga\/\",\"name\":\"Husa de protectie pentru robinet de exterior \u00eempotriva inghetului, Gonga\u00ae | ZOKO\",\"isPartOf\":{\"@id\":\"https:\/\/www.zoko.ro\/#website\"},\"primaryImageOfPage\":{\"@id\":\"https:\/\/www.zoko.ro\/p\/husa-de-protectie-pentru-robinet-de-exterior-impotriva-inghetului-gonga\/#primaryimage\"},\"image\":{\"@id\":\"https:\/\/www.zoko.ro\/p\/husa-de-protectie-pentru-robinet-de-exterior-impotriva-inghetului-gonga\/#primaryimage\"},\"thumbnailUrl\":\"https:\/\/www.zoko.ro\/wp-content\/uploads\/2025\/03\/husa-de-protectie-pentru-robinet-de-exterior-impotriva-inghetului-gonga.jpg\",\"datePublished\":\"2026-04-28T21:30:53+00:00\",\"breadcrumb\":{\"@id\":\"https:\/\/www.zoko.ro\/p\/husa-de-protectie-pentru-robinet-de-exterior-impotriva-inghetului-gonga\/#breadcrumb\"},\"inLanguage\":\"en-GB\",\"potentialAction\":[{\"@type\":\"ReadAction\",\"target\":[\"https:\/\/www.zoko.ro\/p\/husa-de-protectie-pentru-robinet-de-exterior-impotriva-inghetului-gonga\/\"]}]},{\"@type\":\"ImageObject\",\"inLanguage\":\"en-GB\",\"@id\":\"https:\/\/www.zoko.ro\/p\/husa-de-protectie-pentru-robinet-de-exterior-impotriva-inghetului-gonga\/#primaryimage\",\"url\":\"https:\/\/www.zoko.ro\/wp-content\/uploads\/2025\/03\/husa-de-protectie-pentru-robinet-de-exterior-impotriva-inghetului-gonga.jpg\",\"contentUrl\":\"https:\/\/www.zoko.ro\/wp-content\/uploads\/2025\/03\/husa-de-protectie-pentru-robinet-de-exterior-impotriva-inghetului-gonga.jpg\",\"width\":800,\"height\":800},{\"@type\":\"BreadcrumbList\",\"@id\":\"https:\/\/www.zoko.ro\/p\/husa-de-protectie-pentru-robinet-de-exterior-impotriva-inghetului-gonga\/#breadcrumb\",\"itemListElement\":[{\"@type\":\"ListItem\",\"position\":1,\"name\":\"Home\",\"item\":\"https:\/\/www.zoko.ro\/\"},{\"@type\":\"ListItem\",\"position\":2,\"name\":\"Magazin\",\"item\":\"https:\/\/www.zoko.ro\/magazin\/\"},{\"@type\":\"ListItem\",\"position\":3,\"name\":\"Husa de protectie pentru robinet de exterior \u00eempotriva inghetului, Gonga\u00ae\"}]},{\"@type\":\"WebSite\",\"@id\":\"https:\/\/www.zoko.ro\/#website\",\"url\":\"https:\/\/www.zoko.ro\/\",\"name\":\"ZOKO.ro\",\"description\":\"Cump\u0103r\u0103 inteligent\",\"publisher\":{\"@id\":\"https:\/\/www.zoko.ro\/#organization\"},\"potentialAction\":[{\"@type\":\"SearchAction\",\"target\":{\"@type\":\"EntryPoint\",\"urlTemplate\":\"https:\/\/www.zoko.ro\/?s={search_term_string}\"},\"query-input\":{\"@type\":\"PropertyValueSpecification\",\"valueRequired\":true,\"valueName\":\"search_term_string\"}}],\"inLanguage\":\"en-GB\"},{\"@type\":\"Organization\",\"@id\":\"https:\/\/www.zoko.ro\/#organization\",\"name\":\"ZOKO\",\"url\":\"https:\/\/www.zoko.ro\/\",\"logo\":{\"@type\":\"ImageObject\",\"inLanguage\":\"en-GB\",\"@id\":\"https:\/\/www.zoko.ro\/#\/schema\/logo\/image\/\",\"url\":\"https:\/\/www.zoko.ro\/wp-content\/uploads\/2025\/03\/logo1.svg\",\"contentUrl\":\"https:\/\/www.zoko.ro\/wp-content\/uploads\/2025\/03\/logo1.svg\",\"width\":799,\"height\":216,\"caption\":\"ZOKO\"},\"image\":{\"@id\":\"https:\/\/www.zoko.ro\/#\/schema\/logo\/image\/\"},\"sameAs\":[\"https:\/\/www.facebook.com\/profile.php?id=61584344135075\"]}]}<\/script>\n<!-- \/ Yoast SEO plugin. -->","yoast_head_json":{"title":"Husa de protectie pentru robinet de exterior \u00eempotriva inghetului, Gonga\u00ae | ZOKO","robots":{"index":"index","follow":"follow","max-snippet":"max-snippet:-1","max-image-preview":"max-image-preview:large","max-video-preview":"max-video-preview:-1"},"canonical":"https:\/\/www.zoko.ro\/en\/p\/husa-de-protectie-pentru-robinet-de-exterior-impotriva-inghetului-gonga\/","og_locale":"en_GB","og_type":"article","og_title":"Husa de protectie pentru robinet de exterior \u00eempotriva inghetului, Gonga\u00ae | ZOKO","og_description":"Culoare: Negru Husa protejeaz\u0103 eficient robinetele de exterior \u00eempotriva frigului, elimin\u00e2nd riscul de a le deteriora dac\u0103 apa \u00eenghea\u021b\u0103. Foarte","og_url":"https:\/\/www.zoko.ro\/en\/p\/husa-de-protectie-pentru-robinet-de-exterior-impotriva-inghetului-gonga\/","og_site_name":"ZOKO","article_publisher":"https:\/\/www.facebook.com\/profile.php?id=61584344135075","og_image":[{"width":800,"height":800,"url":"https:\/\/www.zoko.ro\/wp-content\/uploads\/2025\/03\/husa-de-protectie-pentru-robinet-de-exterior-impotriva-inghetului-gonga.jpg","type":"image\/jpeg"}],"twitter_card":"summary_large_image","twitter_misc":{"Estimated reading time":"1 minute"},"schema":{"@context":"https:\/\/schema.org","@graph":[{"@type":"WebPage","@id":"https:\/\/www.zoko.ro\/p\/husa-de-protectie-pentru-robinet-de-exterior-impotriva-inghetului-gonga\/","url":"https:\/\/www.zoko.ro\/p\/husa-de-protectie-pentru-robinet-de-exterior-impotriva-inghetului-gonga\/","name":"Husa de protectie pentru robinet de exterior \u00eempotriva inghetului, Gonga\u00ae | ZOKO","isPartOf":{"@id":"https:\/\/www.zoko.ro\/#website"},"primaryImageOfPage":{"@id":"https:\/\/www.zoko.ro\/p\/husa-de-protectie-pentru-robinet-de-exterior-impotriva-inghetului-gonga\/#primaryimage"},"image":{"@id":"https:\/\/www.zoko.ro\/p\/husa-de-protectie-pentru-robinet-de-exterior-impotriva-inghetului-gonga\/#primaryimage"},"thumbnailUrl":"https:\/\/www.zoko.ro\/wp-content\/uploads\/2025\/03\/husa-de-protectie-pentru-robinet-de-exterior-impotriva-inghetului-gonga.jpg","datePublished":"2026-04-28T21:30:53+00:00","breadcrumb":{"@id":"https:\/\/www.zoko.ro\/p\/husa-de-protectie-pentru-robinet-de-exterior-impotriva-inghetului-gonga\/#breadcrumb"},"inLanguage":"en-GB","potentialAction":[{"@type":"ReadAction","target":["https:\/\/www.zoko.ro\/p\/husa-de-protectie-pentru-robinet-de-exterior-impotriva-inghetului-gonga\/"]}]},{"@type":"ImageObject","inLanguage":"en-GB","@id":"https:\/\/www.zoko.ro\/p\/husa-de-protectie-pentru-robinet-de-exterior-impotriva-inghetului-gonga\/#primaryimage","url":"https:\/\/www.zoko.ro\/wp-content\/uploads\/2025\/03\/husa-de-protectie-pentru-robinet-de-exterior-impotriva-inghetului-gonga.jpg","contentUrl":"https:\/\/www.zoko.ro\/wp-content\/uploads\/2025\/03\/husa-de-protectie-pentru-robinet-de-exterior-impotriva-inghetului-gonga.jpg","width":800,"height":800},{"@type":"BreadcrumbList","@id":"https:\/\/www.zoko.ro\/p\/husa-de-protectie-pentru-robinet-de-exterior-impotriva-inghetului-gonga\/#breadcrumb","itemListElement":[{"@type":"ListItem","position":1,"name":"Home","item":"https:\/\/www.zoko.ro\/"},{"@type":"ListItem","position":2,"name":"Magazin","item":"https:\/\/www.zoko.ro\/magazin\/"},{"@type":"ListItem","position":3,"name":"Husa de protectie pentru robinet de exterior \u00eempotriva inghetului, Gonga\u00ae"}]},{"@type":"WebSite","@id":"https:\/\/www.zoko.ro\/#website","url":"https:\/\/www.zoko.ro\/","name":"ZOKO.ro","description":"Cump\u0103r\u0103 inteligent","publisher":{"@id":"https:\/\/www.zoko.ro\/#organization"},"potentialAction":[{"@type":"SearchAction","target":{"@type":"EntryPoint","urlTemplate":"https:\/\/www.zoko.ro\/?s={search_term_string}"},"query-input":{"@type":"PropertyValueSpecification","valueRequired":true,"valueName":"search_term_string"}}],"inLanguage":"en-GB"},{"@type":"Organization","@id":"https:\/\/www.zoko.ro\/#organization","name":"ZOKO","url":"https:\/\/www.zoko.ro\/","logo":{"@type":"ImageObject","inLanguage":"en-GB","@id":"https:\/\/www.zoko.ro\/#\/schema\/logo\/image\/","url":"https:\/\/www.zoko.ro\/wp-content\/uploads\/2025\/03\/logo1.svg","contentUrl":"https:\/\/www.zoko.ro\/wp-content\/uploads\/2025\/03\/logo1.svg","width":799,"height":216,"caption":"ZOKO"},"image":{"@id":"https:\/\/www.zoko.ro\/#\/schema\/logo\/image\/"},"sameAs":["https:\/\/www.facebook.com\/profile.php?id=61584344135075"]}]}},"_links":{"self":[{"href":"https:\/\/www.zoko.ro\/en\/wp-json\/wp\/v2\/product\/9927","targetHints":{"allow":["GET"]}}],"collection":[{"href":"https:\/\/www.zoko.ro\/en\/wp-json\/wp\/v2\/product"}],"about":[{"href":"https:\/\/www.zoko.ro\/en\/wp-json\/wp\/v2\/types\/product"}],"replies":[{"embeddable":true,"href":"https:\/\/www.zoko.ro\/en\/wp-json\/wp\/v2\/comments?post=9927"}],"version-history":[{"count":1,"href":"https:\/\/www.zoko.ro\/en\/wp-json\/wp\/v2\/product\/9927\/revisions"}],"predecessor-version":[{"id":9928,"href":"https:\/\/www.zoko.ro\/en\/wp-json\/wp\/v2\/product\/9927\/revisions\/9928"}],"wp:featuredmedia":[{"embeddable":true,"href":"https:\/\/www.zoko.ro\/en\/wp-json\/wp\/v2\/media\/9929"}],"wp:attachment":[{"href":"https:\/\/www.zoko.ro\/en\/wp-json\/wp\/v2\/media?parent=9927"}],"wp:term":[{"taxonomy":"product_brand","embeddable":true,"href":"https:\/\/www.zoko.ro\/en\/wp-json\/wp\/v2\/product_brand?post=9927"},{"taxonomy":"product_cat","embeddable":true,"href":"https:\/\/www.zoko.ro\/en\/wp-json\/wp\/v2\/product_cat?post=9927"},{"taxonomy":"product_tag","embeddable":true,"href":"https:\/\/www.zoko.ro\/en\/wp-json\/wp\/v2\/product_tag?post=9927"}],"curies":[{"name":"wp","href":"https:\/\/api.w.org\/{rel}","templated":true}]}}