{"id":9939,"date":"2026-04-28T23:30:54","date_gmt":"2026-04-28T21:30:54","guid":{"rendered":"https:\/\/www.zoko.ro\/p\/suport-pentru-burete-de-vase-bucatarie-pentru-chiuveta-curea-reglabila-din-silicon-gonga\/"},"modified":"2026-04-28T23:30:54","modified_gmt":"2026-04-28T21:30:54","slug":"suport-pentru-burete-de-vase-bucatarie-pentru-chiuveta-curea-reglabila-din-silicon-gonga","status":"publish","type":"product","link":"https:\/\/www.zoko.ro\/en\/p\/suport-pentru-burete-de-vase-bucatarie-pentru-chiuveta-curea-reglabila-din-silicon-gonga\/","title":{"rendered":"Suport pentru burete de vase bucatarie pentru chiuveta, curea reglabila din silicon, Gonga\u00ae"},"content":{"rendered":"<p><strong>Culoare:<\/strong> Gri<\/p>\n<p>Un organizator practic de buc\u0103t\u0103rie care te va ajuta s\u0103 p\u0103strezi ordinea!<\/p>\n<\/p>\n<p>Datorit\u0103 dimensiunilor sale, recipientul va fi perfect pentru a pune \u00een el un burete, detergentul de vase \u0219i un burete de s\u00e2rm\u0103. Va satisface perfect nevoile tale, iar produsele pentru sp\u0103larea vaselor vor r\u0103m\u00e2ne curate.<\/p>\n<\/p>\n<p>Designul simplu al organizatorului \u00eei permite s\u0103 fie potrivit pentru orice buc\u0103t\u0103rie! Lungimea curelei folosit\u0103 pentru ag\u0103\u021barea produsului este de p\u00e2n\u0103 la 10,5 cm, ceea ce permite ajustarea \u00een mod convenabil a lungimii acesteia \u00een func\u021bie de spa\u021biul disponibil.<\/p>\n<\/p>\n<p>Caracteristicile \u0219i specifica\u021biile produsului:<\/p>\n<\/p>\n<p>&#8211; Material: Plastic<\/p>\n<p>&#8211; Dimensiuni suport: 4,5 cm x 5 cm x 8,5 cm<\/p>\n<p>&#8211; Lungime curea: 10,5 cm<\/p><\/p>","protected":false},"excerpt":{"rendered":"<p>Culoare: Gri Un organizator practic de buc\u0103t\u0103rie care te va ajuta s\u0103 p\u0103strezi ordinea! Datorit\u0103 dimensiunilor sale, recipientul va fi<\/p>","protected":false},"featured_media":9941,"comment_status":"open","ping_status":"open","template":"","meta":[],"product_brand":[],"product_cat":[99,100,105],"product_tag":[104],"class_list":{"0":"post-9939","1":"product","2":"type-product","3":"status-publish","4":"has-post-thumbnail","6":"product_cat-acasa","7":"product_cat-casa-gradina","8":"product_cat-curatenie-intretinere-casa","9":"product_tag-in-stoc","10":"pa_culoare-gri","12":"first","13":"instock","14":"sale","15":"purchasable","16":"product-type-simple"},"yoast_head":"<!-- This site is optimized with the Yoast SEO plugin v27.2 - https:\/\/yoast.com\/product\/yoast-seo-wordpress\/ -->\n<title>Suport pentru burete de vase bucatarie pentru chiuveta, curea reglabila din silicon, Gonga\u00ae | ZOKO<\/title>\n<meta name=\"robots\" content=\"index, follow, max-snippet:-1, max-image-preview:large, max-video-preview:-1\" \/>\n<link rel=\"canonical\" href=\"https:\/\/www.zoko.ro\/en\/p\/suport-pentru-burete-de-vase-bucatarie-pentru-chiuveta-curea-reglabila-din-silicon-gonga\/\" \/>\n<meta property=\"og:locale\" content=\"en_GB\" \/>\n<meta property=\"og:type\" content=\"article\" \/>\n<meta property=\"og:title\" content=\"Suport pentru burete de vase bucatarie pentru chiuveta, curea reglabila din silicon, Gonga\u00ae | ZOKO\" \/>\n<meta property=\"og:description\" content=\"Culoare: Gri Un organizator practic de buc\u0103t\u0103rie care te va ajuta s\u0103 p\u0103strezi ordinea! Datorit\u0103 dimensiunilor sale, recipientul va fi\" \/>\n<meta property=\"og:url\" content=\"https:\/\/www.zoko.ro\/en\/p\/suport-pentru-burete-de-vase-bucatarie-pentru-chiuveta-curea-reglabila-din-silicon-gonga\/\" \/>\n<meta property=\"og:site_name\" content=\"ZOKO\" \/>\n<meta property=\"article:publisher\" content=\"https:\/\/www.facebook.com\/profile.php?id=61584344135075\" \/>\n<meta property=\"og:image\" content=\"https:\/\/www.zoko.ro\/wp-content\/uploads\/2025\/03\/suport-pentru-burete-de-vase-bucatarie-pentru-chiuveta-curea-reglabila-din-silicon-gonga.jpg\" \/>\n\t<meta property=\"og:image:width\" content=\"800\" \/>\n\t<meta property=\"og:image:height\" content=\"800\" \/>\n\t<meta property=\"og:image:type\" content=\"image\/jpeg\" \/>\n<meta name=\"twitter:card\" content=\"summary_large_image\" \/>\n<meta name=\"twitter:label1\" content=\"Estimated reading time\" \/>\n\t<meta name=\"twitter:data1\" content=\"1 minute\" \/>\n<script type=\"application\/ld+json\" class=\"yoast-schema-graph\">{\"@context\":\"https:\/\/schema.org\",\"@graph\":[{\"@type\":\"WebPage\",\"@id\":\"https:\/\/www.zoko.ro\/p\/suport-pentru-burete-de-vase-bucatarie-pentru-chiuveta-curea-reglabila-din-silicon-gonga\/\",\"url\":\"https:\/\/www.zoko.ro\/p\/suport-pentru-burete-de-vase-bucatarie-pentru-chiuveta-curea-reglabila-din-silicon-gonga\/\",\"name\":\"Suport pentru burete de vase bucatarie pentru chiuveta, curea reglabila din silicon, Gonga\u00ae | ZOKO\",\"isPartOf\":{\"@id\":\"https:\/\/www.zoko.ro\/#website\"},\"primaryImageOfPage\":{\"@id\":\"https:\/\/www.zoko.ro\/p\/suport-pentru-burete-de-vase-bucatarie-pentru-chiuveta-curea-reglabila-din-silicon-gonga\/#primaryimage\"},\"image\":{\"@id\":\"https:\/\/www.zoko.ro\/p\/suport-pentru-burete-de-vase-bucatarie-pentru-chiuveta-curea-reglabila-din-silicon-gonga\/#primaryimage\"},\"thumbnailUrl\":\"https:\/\/www.zoko.ro\/wp-content\/uploads\/2025\/03\/suport-pentru-burete-de-vase-bucatarie-pentru-chiuveta-curea-reglabila-din-silicon-gonga.jpg\",\"datePublished\":\"2026-04-28T21:30:54+00:00\",\"breadcrumb\":{\"@id\":\"https:\/\/www.zoko.ro\/p\/suport-pentru-burete-de-vase-bucatarie-pentru-chiuveta-curea-reglabila-din-silicon-gonga\/#breadcrumb\"},\"inLanguage\":\"en-GB\",\"potentialAction\":[{\"@type\":\"ReadAction\",\"target\":[\"https:\/\/www.zoko.ro\/p\/suport-pentru-burete-de-vase-bucatarie-pentru-chiuveta-curea-reglabila-din-silicon-gonga\/\"]}]},{\"@type\":\"ImageObject\",\"inLanguage\":\"en-GB\",\"@id\":\"https:\/\/www.zoko.ro\/p\/suport-pentru-burete-de-vase-bucatarie-pentru-chiuveta-curea-reglabila-din-silicon-gonga\/#primaryimage\",\"url\":\"https:\/\/www.zoko.ro\/wp-content\/uploads\/2025\/03\/suport-pentru-burete-de-vase-bucatarie-pentru-chiuveta-curea-reglabila-din-silicon-gonga.jpg\",\"contentUrl\":\"https:\/\/www.zoko.ro\/wp-content\/uploads\/2025\/03\/suport-pentru-burete-de-vase-bucatarie-pentru-chiuveta-curea-reglabila-din-silicon-gonga.jpg\",\"width\":800,\"height\":800},{\"@type\":\"BreadcrumbList\",\"@id\":\"https:\/\/www.zoko.ro\/p\/suport-pentru-burete-de-vase-bucatarie-pentru-chiuveta-curea-reglabila-din-silicon-gonga\/#breadcrumb\",\"itemListElement\":[{\"@type\":\"ListItem\",\"position\":1,\"name\":\"Home\",\"item\":\"https:\/\/www.zoko.ro\/\"},{\"@type\":\"ListItem\",\"position\":2,\"name\":\"Magazin\",\"item\":\"https:\/\/www.zoko.ro\/magazin\/\"},{\"@type\":\"ListItem\",\"position\":3,\"name\":\"Suport pentru burete de vase bucatarie pentru chiuveta, curea reglabila din silicon, Gonga\u00ae\"}]},{\"@type\":\"WebSite\",\"@id\":\"https:\/\/www.zoko.ro\/#website\",\"url\":\"https:\/\/www.zoko.ro\/\",\"name\":\"ZOKO.ro\",\"description\":\"Cump\u0103r\u0103 inteligent\",\"publisher\":{\"@id\":\"https:\/\/www.zoko.ro\/#organization\"},\"potentialAction\":[{\"@type\":\"SearchAction\",\"target\":{\"@type\":\"EntryPoint\",\"urlTemplate\":\"https:\/\/www.zoko.ro\/?s={search_term_string}\"},\"query-input\":{\"@type\":\"PropertyValueSpecification\",\"valueRequired\":true,\"valueName\":\"search_term_string\"}}],\"inLanguage\":\"en-GB\"},{\"@type\":\"Organization\",\"@id\":\"https:\/\/www.zoko.ro\/#organization\",\"name\":\"ZOKO\",\"url\":\"https:\/\/www.zoko.ro\/\",\"logo\":{\"@type\":\"ImageObject\",\"inLanguage\":\"en-GB\",\"@id\":\"https:\/\/www.zoko.ro\/#\/schema\/logo\/image\/\",\"url\":\"https:\/\/www.zoko.ro\/wp-content\/uploads\/2025\/03\/logo1.svg\",\"contentUrl\":\"https:\/\/www.zoko.ro\/wp-content\/uploads\/2025\/03\/logo1.svg\",\"width\":799,\"height\":216,\"caption\":\"ZOKO\"},\"image\":{\"@id\":\"https:\/\/www.zoko.ro\/#\/schema\/logo\/image\/\"},\"sameAs\":[\"https:\/\/www.facebook.com\/profile.php?id=61584344135075\"]}]}<\/script>\n<!-- \/ Yoast SEO plugin. -->","yoast_head_json":{"title":"Suport pentru burete de vase bucatarie pentru chiuveta, curea reglabila din silicon, Gonga\u00ae | ZOKO","robots":{"index":"index","follow":"follow","max-snippet":"max-snippet:-1","max-image-preview":"max-image-preview:large","max-video-preview":"max-video-preview:-1"},"canonical":"https:\/\/www.zoko.ro\/en\/p\/suport-pentru-burete-de-vase-bucatarie-pentru-chiuveta-curea-reglabila-din-silicon-gonga\/","og_locale":"en_GB","og_type":"article","og_title":"Suport pentru burete de vase bucatarie pentru chiuveta, curea reglabila din silicon, Gonga\u00ae | ZOKO","og_description":"Culoare: Gri Un organizator practic de buc\u0103t\u0103rie care te va ajuta s\u0103 p\u0103strezi ordinea! Datorit\u0103 dimensiunilor sale, recipientul va fi","og_url":"https:\/\/www.zoko.ro\/en\/p\/suport-pentru-burete-de-vase-bucatarie-pentru-chiuveta-curea-reglabila-din-silicon-gonga\/","og_site_name":"ZOKO","article_publisher":"https:\/\/www.facebook.com\/profile.php?id=61584344135075","og_image":[{"width":800,"height":800,"url":"https:\/\/www.zoko.ro\/wp-content\/uploads\/2025\/03\/suport-pentru-burete-de-vase-bucatarie-pentru-chiuveta-curea-reglabila-din-silicon-gonga.jpg","type":"image\/jpeg"}],"twitter_card":"summary_large_image","twitter_misc":{"Estimated reading time":"1 minute"},"schema":{"@context":"https:\/\/schema.org","@graph":[{"@type":"WebPage","@id":"https:\/\/www.zoko.ro\/p\/suport-pentru-burete-de-vase-bucatarie-pentru-chiuveta-curea-reglabila-din-silicon-gonga\/","url":"https:\/\/www.zoko.ro\/p\/suport-pentru-burete-de-vase-bucatarie-pentru-chiuveta-curea-reglabila-din-silicon-gonga\/","name":"Suport pentru burete de vase bucatarie pentru chiuveta, curea reglabila din silicon, Gonga\u00ae | ZOKO","isPartOf":{"@id":"https:\/\/www.zoko.ro\/#website"},"primaryImageOfPage":{"@id":"https:\/\/www.zoko.ro\/p\/suport-pentru-burete-de-vase-bucatarie-pentru-chiuveta-curea-reglabila-din-silicon-gonga\/#primaryimage"},"image":{"@id":"https:\/\/www.zoko.ro\/p\/suport-pentru-burete-de-vase-bucatarie-pentru-chiuveta-curea-reglabila-din-silicon-gonga\/#primaryimage"},"thumbnailUrl":"https:\/\/www.zoko.ro\/wp-content\/uploads\/2025\/03\/suport-pentru-burete-de-vase-bucatarie-pentru-chiuveta-curea-reglabila-din-silicon-gonga.jpg","datePublished":"2026-04-28T21:30:54+00:00","breadcrumb":{"@id":"https:\/\/www.zoko.ro\/p\/suport-pentru-burete-de-vase-bucatarie-pentru-chiuveta-curea-reglabila-din-silicon-gonga\/#breadcrumb"},"inLanguage":"en-GB","potentialAction":[{"@type":"ReadAction","target":["https:\/\/www.zoko.ro\/p\/suport-pentru-burete-de-vase-bucatarie-pentru-chiuveta-curea-reglabila-din-silicon-gonga\/"]}]},{"@type":"ImageObject","inLanguage":"en-GB","@id":"https:\/\/www.zoko.ro\/p\/suport-pentru-burete-de-vase-bucatarie-pentru-chiuveta-curea-reglabila-din-silicon-gonga\/#primaryimage","url":"https:\/\/www.zoko.ro\/wp-content\/uploads\/2025\/03\/suport-pentru-burete-de-vase-bucatarie-pentru-chiuveta-curea-reglabila-din-silicon-gonga.jpg","contentUrl":"https:\/\/www.zoko.ro\/wp-content\/uploads\/2025\/03\/suport-pentru-burete-de-vase-bucatarie-pentru-chiuveta-curea-reglabila-din-silicon-gonga.jpg","width":800,"height":800},{"@type":"BreadcrumbList","@id":"https:\/\/www.zoko.ro\/p\/suport-pentru-burete-de-vase-bucatarie-pentru-chiuveta-curea-reglabila-din-silicon-gonga\/#breadcrumb","itemListElement":[{"@type":"ListItem","position":1,"name":"Home","item":"https:\/\/www.zoko.ro\/"},{"@type":"ListItem","position":2,"name":"Magazin","item":"https:\/\/www.zoko.ro\/magazin\/"},{"@type":"ListItem","position":3,"name":"Suport pentru burete de vase bucatarie pentru chiuveta, curea reglabila din silicon, Gonga\u00ae"}]},{"@type":"WebSite","@id":"https:\/\/www.zoko.ro\/#website","url":"https:\/\/www.zoko.ro\/","name":"ZOKO.ro","description":"Cump\u0103r\u0103 inteligent","publisher":{"@id":"https:\/\/www.zoko.ro\/#organization"},"potentialAction":[{"@type":"SearchAction","target":{"@type":"EntryPoint","urlTemplate":"https:\/\/www.zoko.ro\/?s={search_term_string}"},"query-input":{"@type":"PropertyValueSpecification","valueRequired":true,"valueName":"search_term_string"}}],"inLanguage":"en-GB"},{"@type":"Organization","@id":"https:\/\/www.zoko.ro\/#organization","name":"ZOKO","url":"https:\/\/www.zoko.ro\/","logo":{"@type":"ImageObject","inLanguage":"en-GB","@id":"https:\/\/www.zoko.ro\/#\/schema\/logo\/image\/","url":"https:\/\/www.zoko.ro\/wp-content\/uploads\/2025\/03\/logo1.svg","contentUrl":"https:\/\/www.zoko.ro\/wp-content\/uploads\/2025\/03\/logo1.svg","width":799,"height":216,"caption":"ZOKO"},"image":{"@id":"https:\/\/www.zoko.ro\/#\/schema\/logo\/image\/"},"sameAs":["https:\/\/www.facebook.com\/profile.php?id=61584344135075"]}]}},"_links":{"self":[{"href":"https:\/\/www.zoko.ro\/en\/wp-json\/wp\/v2\/product\/9939","targetHints":{"allow":["GET"]}}],"collection":[{"href":"https:\/\/www.zoko.ro\/en\/wp-json\/wp\/v2\/product"}],"about":[{"href":"https:\/\/www.zoko.ro\/en\/wp-json\/wp\/v2\/types\/product"}],"replies":[{"embeddable":true,"href":"https:\/\/www.zoko.ro\/en\/wp-json\/wp\/v2\/comments?post=9939"}],"version-history":[{"count":1,"href":"https:\/\/www.zoko.ro\/en\/wp-json\/wp\/v2\/product\/9939\/revisions"}],"predecessor-version":[{"id":9940,"href":"https:\/\/www.zoko.ro\/en\/wp-json\/wp\/v2\/product\/9939\/revisions\/9940"}],"wp:featuredmedia":[{"embeddable":true,"href":"https:\/\/www.zoko.ro\/en\/wp-json\/wp\/v2\/media\/9941"}],"wp:attachment":[{"href":"https:\/\/www.zoko.ro\/en\/wp-json\/wp\/v2\/media?parent=9939"}],"wp:term":[{"taxonomy":"product_brand","embeddable":true,"href":"https:\/\/www.zoko.ro\/en\/wp-json\/wp\/v2\/product_brand?post=9939"},{"taxonomy":"product_cat","embeddable":true,"href":"https:\/\/www.zoko.ro\/en\/wp-json\/wp\/v2\/product_cat?post=9939"},{"taxonomy":"product_tag","embeddable":true,"href":"https:\/\/www.zoko.ro\/en\/wp-json\/wp\/v2\/product_tag?post=9939"}],"curies":[{"name":"wp","href":"https:\/\/api.w.org\/{rel}","templated":true}]}}