{"id":9947,"date":"2026-04-28T23:30:54","date_gmt":"2026-04-28T21:30:54","guid":{"rendered":"https:\/\/www.zoko.ro\/p\/forma-de-silicon-pentru-coacerea-gogosilor-gonga\/"},"modified":"2026-04-28T23:30:54","modified_gmt":"2026-04-28T21:30:54","slug":"forma-de-silicon-pentru-coacerea-gogosilor-gonga","status":"publish","type":"product","link":"https:\/\/www.zoko.ro\/en\/p\/forma-de-silicon-pentru-coacerea-gogosilor-gonga\/","title":{"rendered":"Form\u0103 de silicon pentru coacerea gogo\u0219ilor, Gonga\u00ae"},"content":{"rendered":"<p><strong>Culoare:<\/strong> Albastru<\/p>\n<p>O form\u0103 de silicon pentru coacerea gogo\u0219ilor, ce va fi util\u0103 pentru fiecare gospodina a casei. Este echipata cu p\u00e2n\u0103 la 6 g\u0103uri \u00een form\u0103 de inel. Este perfecta pentru coacere datorita conductibilitatii sale termice ridicate care scurteaza timpul de gatire si economiseste energie. Este extrem de flexibila, nu necesita ungere suplimentara si poate fi folosit pe diverse straturi \u2013 ceramica, granit sau chiar teflon.<\/p>\n<p>Este reutilizabila, iar cu o ingrijire si o utilizare adecvat\u0103, va dura mult timp.<\/p>\n<p>Nu absoarbe mirosurile \u0219i este potrivit\u0103 pentru prepararea p\u00e2inii dulci, s\u0103rate, ciocolatei \u0219i fursecuri.<\/p>\n<\/p>\n<p>Caracteristicile si specifica\u021biile produsului:<\/p>\n<\/p>\n<p>&#8211; Material: silicon<\/p>\n<p>&#8211; Rezistent la temperaturi de la -40 \u00b0 C la + 230 \u00b0 C<\/p>\n<p>&#8211; Forma: Inel<\/p>\n<p>&#8211; Dimensiunile gogosilor (6): 7,5 cm x 2,5 cm<\/p>\n<p>&#8211; Dimensiuni matri\u021b\u0103: 28 cm x 18 cm<\/p><\/p>","protected":false},"excerpt":{"rendered":"<p>Culoare: Albastru O form\u0103 de silicon pentru coacerea gogo\u0219ilor, ce va fi util\u0103 pentru fiecare gospodina a casei. Este echipata<\/p>","protected":false},"featured_media":9949,"comment_status":"open","ping_status":"open","template":"","meta":[],"product_brand":[],"product_cat":[99,107,100,152],"product_tag":[104],"class_list":{"0":"post-9947","1":"product","2":"type-product","3":"status-publish","4":"has-post-thumbnail","6":"product_cat-acasa","7":"product_cat-bucatarie-si-servire","8":"product_cat-casa-gradina","9":"product_cat-vase-pentru-gatit","10":"product_tag-in-stoc","11":"pa_culoare-albastru","13":"first","14":"instock","15":"sale","16":"purchasable","17":"product-type-simple"},"yoast_head":"<!-- This site is optimized with the Yoast SEO plugin v27.2 - https:\/\/yoast.com\/product\/yoast-seo-wordpress\/ -->\n<title>Form\u0103 de silicon pentru coacerea gogo\u0219ilor, Gonga\u00ae | ZOKO<\/title>\n<meta name=\"robots\" content=\"index, follow, max-snippet:-1, max-image-preview:large, max-video-preview:-1\" \/>\n<link rel=\"canonical\" href=\"https:\/\/www.zoko.ro\/en\/p\/forma-de-silicon-pentru-coacerea-gogosilor-gonga\/\" \/>\n<meta property=\"og:locale\" content=\"en_GB\" \/>\n<meta property=\"og:type\" content=\"article\" \/>\n<meta property=\"og:title\" content=\"Form\u0103 de silicon pentru coacerea gogo\u0219ilor, Gonga\u00ae | ZOKO\" \/>\n<meta property=\"og:description\" content=\"Culoare: Albastru O form\u0103 de silicon pentru coacerea gogo\u0219ilor, ce va fi util\u0103 pentru fiecare gospodina a casei. Este echipata\" \/>\n<meta property=\"og:url\" content=\"https:\/\/www.zoko.ro\/en\/p\/forma-de-silicon-pentru-coacerea-gogosilor-gonga\/\" \/>\n<meta property=\"og:site_name\" content=\"ZOKO\" \/>\n<meta property=\"article:publisher\" content=\"https:\/\/www.facebook.com\/profile.php?id=61584344135075\" \/>\n<meta property=\"og:image\" content=\"https:\/\/www.zoko.ro\/wp-content\/uploads\/2025\/03\/forma-de-silicon-pentru-coacerea-gogoilor-gonga.jpg\" \/>\n\t<meta property=\"og:image:width\" content=\"800\" \/>\n\t<meta property=\"og:image:height\" content=\"800\" \/>\n\t<meta property=\"og:image:type\" content=\"image\/jpeg\" \/>\n<meta name=\"twitter:card\" content=\"summary_large_image\" \/>\n<meta name=\"twitter:label1\" content=\"Estimated reading time\" \/>\n\t<meta name=\"twitter:data1\" content=\"1 minute\" \/>\n<script type=\"application\/ld+json\" class=\"yoast-schema-graph\">{\"@context\":\"https:\/\/schema.org\",\"@graph\":[{\"@type\":\"WebPage\",\"@id\":\"https:\/\/www.zoko.ro\/p\/forma-de-silicon-pentru-coacerea-gogosilor-gonga\/\",\"url\":\"https:\/\/www.zoko.ro\/p\/forma-de-silicon-pentru-coacerea-gogosilor-gonga\/\",\"name\":\"Form\u0103 de silicon pentru coacerea gogo\u0219ilor, Gonga\u00ae | ZOKO\",\"isPartOf\":{\"@id\":\"https:\/\/www.zoko.ro\/#website\"},\"primaryImageOfPage\":{\"@id\":\"https:\/\/www.zoko.ro\/p\/forma-de-silicon-pentru-coacerea-gogosilor-gonga\/#primaryimage\"},\"image\":{\"@id\":\"https:\/\/www.zoko.ro\/p\/forma-de-silicon-pentru-coacerea-gogosilor-gonga\/#primaryimage\"},\"thumbnailUrl\":\"https:\/\/www.zoko.ro\/wp-content\/uploads\/2025\/03\/forma-de-silicon-pentru-coacerea-gogoilor-gonga.jpg\",\"datePublished\":\"2026-04-28T21:30:54+00:00\",\"breadcrumb\":{\"@id\":\"https:\/\/www.zoko.ro\/p\/forma-de-silicon-pentru-coacerea-gogosilor-gonga\/#breadcrumb\"},\"inLanguage\":\"en-GB\",\"potentialAction\":[{\"@type\":\"ReadAction\",\"target\":[\"https:\/\/www.zoko.ro\/p\/forma-de-silicon-pentru-coacerea-gogosilor-gonga\/\"]}]},{\"@type\":\"ImageObject\",\"inLanguage\":\"en-GB\",\"@id\":\"https:\/\/www.zoko.ro\/p\/forma-de-silicon-pentru-coacerea-gogosilor-gonga\/#primaryimage\",\"url\":\"https:\/\/www.zoko.ro\/wp-content\/uploads\/2025\/03\/forma-de-silicon-pentru-coacerea-gogoilor-gonga.jpg\",\"contentUrl\":\"https:\/\/www.zoko.ro\/wp-content\/uploads\/2025\/03\/forma-de-silicon-pentru-coacerea-gogoilor-gonga.jpg\",\"width\":800,\"height\":800},{\"@type\":\"BreadcrumbList\",\"@id\":\"https:\/\/www.zoko.ro\/p\/forma-de-silicon-pentru-coacerea-gogosilor-gonga\/#breadcrumb\",\"itemListElement\":[{\"@type\":\"ListItem\",\"position\":1,\"name\":\"Home\",\"item\":\"https:\/\/www.zoko.ro\/\"},{\"@type\":\"ListItem\",\"position\":2,\"name\":\"Magazin\",\"item\":\"https:\/\/www.zoko.ro\/magazin\/\"},{\"@type\":\"ListItem\",\"position\":3,\"name\":\"Form\u0103 de silicon pentru coacerea gogo\u0219ilor, Gonga\u00ae\"}]},{\"@type\":\"WebSite\",\"@id\":\"https:\/\/www.zoko.ro\/#website\",\"url\":\"https:\/\/www.zoko.ro\/\",\"name\":\"ZOKO.ro\",\"description\":\"Cump\u0103r\u0103 inteligent\",\"publisher\":{\"@id\":\"https:\/\/www.zoko.ro\/#organization\"},\"potentialAction\":[{\"@type\":\"SearchAction\",\"target\":{\"@type\":\"EntryPoint\",\"urlTemplate\":\"https:\/\/www.zoko.ro\/?s={search_term_string}\"},\"query-input\":{\"@type\":\"PropertyValueSpecification\",\"valueRequired\":true,\"valueName\":\"search_term_string\"}}],\"inLanguage\":\"en-GB\"},{\"@type\":\"Organization\",\"@id\":\"https:\/\/www.zoko.ro\/#organization\",\"name\":\"ZOKO\",\"url\":\"https:\/\/www.zoko.ro\/\",\"logo\":{\"@type\":\"ImageObject\",\"inLanguage\":\"en-GB\",\"@id\":\"https:\/\/www.zoko.ro\/#\/schema\/logo\/image\/\",\"url\":\"https:\/\/www.zoko.ro\/wp-content\/uploads\/2025\/03\/logo1.svg\",\"contentUrl\":\"https:\/\/www.zoko.ro\/wp-content\/uploads\/2025\/03\/logo1.svg\",\"width\":799,\"height\":216,\"caption\":\"ZOKO\"},\"image\":{\"@id\":\"https:\/\/www.zoko.ro\/#\/schema\/logo\/image\/\"},\"sameAs\":[\"https:\/\/www.facebook.com\/profile.php?id=61584344135075\"]}]}<\/script>\n<!-- \/ Yoast SEO plugin. -->","yoast_head_json":{"title":"Form\u0103 de silicon pentru coacerea gogo\u0219ilor, Gonga\u00ae | ZOKO","robots":{"index":"index","follow":"follow","max-snippet":"max-snippet:-1","max-image-preview":"max-image-preview:large","max-video-preview":"max-video-preview:-1"},"canonical":"https:\/\/www.zoko.ro\/en\/p\/forma-de-silicon-pentru-coacerea-gogosilor-gonga\/","og_locale":"en_GB","og_type":"article","og_title":"Form\u0103 de silicon pentru coacerea gogo\u0219ilor, Gonga\u00ae | ZOKO","og_description":"Culoare: Albastru O form\u0103 de silicon pentru coacerea gogo\u0219ilor, ce va fi util\u0103 pentru fiecare gospodina a casei. Este echipata","og_url":"https:\/\/www.zoko.ro\/en\/p\/forma-de-silicon-pentru-coacerea-gogosilor-gonga\/","og_site_name":"ZOKO","article_publisher":"https:\/\/www.facebook.com\/profile.php?id=61584344135075","og_image":[{"width":800,"height":800,"url":"https:\/\/www.zoko.ro\/wp-content\/uploads\/2025\/03\/forma-de-silicon-pentru-coacerea-gogoilor-gonga.jpg","type":"image\/jpeg"}],"twitter_card":"summary_large_image","twitter_misc":{"Estimated reading time":"1 minute"},"schema":{"@context":"https:\/\/schema.org","@graph":[{"@type":"WebPage","@id":"https:\/\/www.zoko.ro\/p\/forma-de-silicon-pentru-coacerea-gogosilor-gonga\/","url":"https:\/\/www.zoko.ro\/p\/forma-de-silicon-pentru-coacerea-gogosilor-gonga\/","name":"Form\u0103 de silicon pentru coacerea gogo\u0219ilor, Gonga\u00ae | ZOKO","isPartOf":{"@id":"https:\/\/www.zoko.ro\/#website"},"primaryImageOfPage":{"@id":"https:\/\/www.zoko.ro\/p\/forma-de-silicon-pentru-coacerea-gogosilor-gonga\/#primaryimage"},"image":{"@id":"https:\/\/www.zoko.ro\/p\/forma-de-silicon-pentru-coacerea-gogosilor-gonga\/#primaryimage"},"thumbnailUrl":"https:\/\/www.zoko.ro\/wp-content\/uploads\/2025\/03\/forma-de-silicon-pentru-coacerea-gogoilor-gonga.jpg","datePublished":"2026-04-28T21:30:54+00:00","breadcrumb":{"@id":"https:\/\/www.zoko.ro\/p\/forma-de-silicon-pentru-coacerea-gogosilor-gonga\/#breadcrumb"},"inLanguage":"en-GB","potentialAction":[{"@type":"ReadAction","target":["https:\/\/www.zoko.ro\/p\/forma-de-silicon-pentru-coacerea-gogosilor-gonga\/"]}]},{"@type":"ImageObject","inLanguage":"en-GB","@id":"https:\/\/www.zoko.ro\/p\/forma-de-silicon-pentru-coacerea-gogosilor-gonga\/#primaryimage","url":"https:\/\/www.zoko.ro\/wp-content\/uploads\/2025\/03\/forma-de-silicon-pentru-coacerea-gogoilor-gonga.jpg","contentUrl":"https:\/\/www.zoko.ro\/wp-content\/uploads\/2025\/03\/forma-de-silicon-pentru-coacerea-gogoilor-gonga.jpg","width":800,"height":800},{"@type":"BreadcrumbList","@id":"https:\/\/www.zoko.ro\/p\/forma-de-silicon-pentru-coacerea-gogosilor-gonga\/#breadcrumb","itemListElement":[{"@type":"ListItem","position":1,"name":"Home","item":"https:\/\/www.zoko.ro\/"},{"@type":"ListItem","position":2,"name":"Magazin","item":"https:\/\/www.zoko.ro\/magazin\/"},{"@type":"ListItem","position":3,"name":"Form\u0103 de silicon pentru coacerea gogo\u0219ilor, Gonga\u00ae"}]},{"@type":"WebSite","@id":"https:\/\/www.zoko.ro\/#website","url":"https:\/\/www.zoko.ro\/","name":"ZOKO.ro","description":"Cump\u0103r\u0103 inteligent","publisher":{"@id":"https:\/\/www.zoko.ro\/#organization"},"potentialAction":[{"@type":"SearchAction","target":{"@type":"EntryPoint","urlTemplate":"https:\/\/www.zoko.ro\/?s={search_term_string}"},"query-input":{"@type":"PropertyValueSpecification","valueRequired":true,"valueName":"search_term_string"}}],"inLanguage":"en-GB"},{"@type":"Organization","@id":"https:\/\/www.zoko.ro\/#organization","name":"ZOKO","url":"https:\/\/www.zoko.ro\/","logo":{"@type":"ImageObject","inLanguage":"en-GB","@id":"https:\/\/www.zoko.ro\/#\/schema\/logo\/image\/","url":"https:\/\/www.zoko.ro\/wp-content\/uploads\/2025\/03\/logo1.svg","contentUrl":"https:\/\/www.zoko.ro\/wp-content\/uploads\/2025\/03\/logo1.svg","width":799,"height":216,"caption":"ZOKO"},"image":{"@id":"https:\/\/www.zoko.ro\/#\/schema\/logo\/image\/"},"sameAs":["https:\/\/www.facebook.com\/profile.php?id=61584344135075"]}]}},"_links":{"self":[{"href":"https:\/\/www.zoko.ro\/en\/wp-json\/wp\/v2\/product\/9947","targetHints":{"allow":["GET"]}}],"collection":[{"href":"https:\/\/www.zoko.ro\/en\/wp-json\/wp\/v2\/product"}],"about":[{"href":"https:\/\/www.zoko.ro\/en\/wp-json\/wp\/v2\/types\/product"}],"replies":[{"embeddable":true,"href":"https:\/\/www.zoko.ro\/en\/wp-json\/wp\/v2\/comments?post=9947"}],"version-history":[{"count":1,"href":"https:\/\/www.zoko.ro\/en\/wp-json\/wp\/v2\/product\/9947\/revisions"}],"predecessor-version":[{"id":9948,"href":"https:\/\/www.zoko.ro\/en\/wp-json\/wp\/v2\/product\/9947\/revisions\/9948"}],"wp:featuredmedia":[{"embeddable":true,"href":"https:\/\/www.zoko.ro\/en\/wp-json\/wp\/v2\/media\/9949"}],"wp:attachment":[{"href":"https:\/\/www.zoko.ro\/en\/wp-json\/wp\/v2\/media?parent=9947"}],"wp:term":[{"taxonomy":"product_brand","embeddable":true,"href":"https:\/\/www.zoko.ro\/en\/wp-json\/wp\/v2\/product_brand?post=9947"},{"taxonomy":"product_cat","embeddable":true,"href":"https:\/\/www.zoko.ro\/en\/wp-json\/wp\/v2\/product_cat?post=9947"},{"taxonomy":"product_tag","embeddable":true,"href":"https:\/\/www.zoko.ro\/en\/wp-json\/wp\/v2\/product_tag?post=9947"}],"curies":[{"name":"wp","href":"https:\/\/api.w.org\/{rel}","templated":true}]}}