{"id":9980,"date":"2026-04-28T23:30:55","date_gmt":"2026-04-28T21:30:55","guid":{"rendered":"https:\/\/www.zoko.ro\/p\/husa-protectie-de-ploaie-reutilizabila-pentru-incaltamintedin-cauciuc-albastru-gonga\/"},"modified":"2026-04-28T23:30:55","modified_gmt":"2026-04-28T21:30:55","slug":"husa-protectie-de-ploaie-reutilizabila-pentru-incaltaminte-din-cauciuc-gonga","status":"publish","type":"product","link":"https:\/\/www.zoko.ro\/en\/p\/husa-protectie-de-ploaie-reutilizabila-pentru-incaltaminte-din-cauciuc-gonga\/","title":{"rendered":"Husa\/protectie de ploaie, reutilizabila, pentru incaltaminte, din cauciuc, Gonga\u00ae"},"content":{"rendered":"<p><strong>Culoare:<\/strong> Albastru<\/p>\n<p><strong>Huse impermeabile din silicon pentru \u00eenc\u0103l\u021b\u0103minte | Reutilizabile<\/strong><\/p>\n<p>Protec\u021bie sigur\u0103 \u0219i elegant\u0103 \u00eempotriva ploii \u0219i umezelii!<\/p>\n<p>Aceste huse impermeabile pentru \u00eenc\u0103l\u021b\u0103minte sunt solu\u021bia ideal\u0103 pentru zilele ploioase sau noroioase. Fabricate din silicon durabil \u0219i flexibil, ofer\u0103 o protec\u021bie excelent\u0103 \u00eempotriva apei, prafului \u0219i murd\u0103riei, p\u0103str\u00e2nd \u00eenc\u0103l\u021b\u0103mintea curat\u0103 \u0219i uscat\u0103.<\/p>\n<p>Designul lor u\u0219or, compact \u0219i pliabil le face perfecte pentru transport \u00een geant\u0103, rucsac sau torpedou \u2013 mereu la \u00eendem\u00e2n\u0103 atunci c\u00e2nd vremea se schimb\u0103 nea\u0219teptat.<\/p>\n<\/p>\n<p><strong>Caracteristici principale<\/strong><\/p>\n<ul>\n<li>Impermeabile \u0219i rezistente \u2013 protejeaz\u0103 eficient \u00eenc\u0103l\u021b\u0103mintea de ploaie \u0219i umezeal\u0103.<\/li>\n<li>Material siliconic elastic \u2013 se adapteaz\u0103 cu u\u0219urin\u021b\u0103 la diferite tipuri de pantofi.<\/li>\n<li>U\u0219oare \u0219i compacte \u2013 se pliaz\u0103 rapid, ideale pentru c\u0103l\u0103torii sau utilizare zilnic\u0103.<\/li>\n<li>Reutilizabile \u0219i u\u0219or de cur\u0103\u021bat \u2013 doar \u0219terge\u021bi sau cl\u0103ti\u021bi cu ap\u0103.<\/li>\n<li>Talp\u0103 antiderapant\u0103 \u2013 ofer\u0103 siguran\u021b\u0103 chiar \u0219i pe suprafe\u021be umede.<\/li>\n<\/ul>","protected":false},"excerpt":{"rendered":"<p>Culoare: Albastru Huse impermeabile din silicon pentru \u00eenc\u0103l\u021b\u0103minte | Reutilizabile Protec\u021bie sigur\u0103 \u0219i elegant\u0103 \u00eempotriva ploii \u0219i umezelii! Aceste huse<\/p>","protected":false},"featured_media":9982,"comment_status":"open","ping_status":"open","template":"","meta":[],"product_brand":[],"product_cat":[99,106],"product_tag":[104],"class_list":{"0":"post-9980","1":"product","2":"type-product","3":"status-publish","4":"has-post-thumbnail","6":"product_cat-acasa","7":"product_cat-fashion-accesorii","8":"product_tag-in-stoc","9":"pa_culoare-albastru","11":"first","12":"instock","13":"sale","14":"purchasable","15":"product-type-simple"},"yoast_head":"<!-- This site is optimized with the Yoast SEO plugin v27.2 - https:\/\/yoast.com\/product\/yoast-seo-wordpress\/ -->\n<title>Husa\/protectie de ploaie, reutilizabila, pentru incaltaminte, din cauciuc, Gonga\u00ae | ZOKO<\/title>\n<meta name=\"robots\" content=\"index, follow, max-snippet:-1, max-image-preview:large, max-video-preview:-1\" \/>\n<link rel=\"canonical\" href=\"https:\/\/www.zoko.ro\/en\/p\/husa-protectie-de-ploaie-reutilizabila-pentru-incaltaminte-din-cauciuc-gonga\/\" \/>\n<meta property=\"og:locale\" content=\"en_GB\" \/>\n<meta property=\"og:type\" content=\"article\" \/>\n<meta property=\"og:title\" content=\"Husa\/protectie de ploaie, reutilizabila, pentru incaltaminte, din cauciuc, Gonga\u00ae | ZOKO\" \/>\n<meta property=\"og:description\" content=\"Culoare: Albastru Huse impermeabile din silicon pentru \u00eenc\u0103l\u021b\u0103minte | Reutilizabile Protec\u021bie sigur\u0103 \u0219i elegant\u0103 \u00eempotriva ploii \u0219i umezelii! Aceste huse\" \/>\n<meta property=\"og:url\" content=\"https:\/\/www.zoko.ro\/en\/p\/husa-protectie-de-ploaie-reutilizabila-pentru-incaltaminte-din-cauciuc-gonga\/\" \/>\n<meta property=\"og:site_name\" content=\"ZOKO\" \/>\n<meta property=\"article:publisher\" content=\"https:\/\/www.facebook.com\/profile.php?id=61584344135075\" \/>\n<meta property=\"og:image\" content=\"https:\/\/www.zoko.ro\/wp-content\/uploads\/2025\/03\/husa-de-ploaie-reutilizabila-pentru-incaltaminte-albastru-gonga.jpg\" \/>\n\t<meta property=\"og:image:width\" content=\"800\" \/>\n\t<meta property=\"og:image:height\" content=\"800\" \/>\n\t<meta property=\"og:image:type\" content=\"image\/jpeg\" \/>\n<meta name=\"twitter:card\" content=\"summary_large_image\" \/>\n<meta name=\"twitter:label1\" content=\"Estimated reading time\" \/>\n\t<meta name=\"twitter:data1\" content=\"1 minute\" \/>\n<script type=\"application\/ld+json\" class=\"yoast-schema-graph\">{\"@context\":\"https:\/\/schema.org\",\"@graph\":[{\"@type\":\"WebPage\",\"@id\":\"https:\/\/www.zoko.ro\/p\/husa-protectie-de-ploaie-reutilizabila-pentru-incaltaminte-din-cauciuc-gonga\/\",\"url\":\"https:\/\/www.zoko.ro\/p\/husa-protectie-de-ploaie-reutilizabila-pentru-incaltaminte-din-cauciuc-gonga\/\",\"name\":\"Husa\/protectie de ploaie, reutilizabila, pentru incaltaminte, din cauciuc, Gonga\u00ae | ZOKO\",\"isPartOf\":{\"@id\":\"https:\/\/www.zoko.ro\/#website\"},\"primaryImageOfPage\":{\"@id\":\"https:\/\/www.zoko.ro\/p\/husa-protectie-de-ploaie-reutilizabila-pentru-incaltaminte-din-cauciuc-gonga\/#primaryimage\"},\"image\":{\"@id\":\"https:\/\/www.zoko.ro\/p\/husa-protectie-de-ploaie-reutilizabila-pentru-incaltaminte-din-cauciuc-gonga\/#primaryimage\"},\"thumbnailUrl\":\"https:\/\/www.zoko.ro\/wp-content\/uploads\/2025\/03\/husa-de-ploaie-reutilizabila-pentru-incaltaminte-albastru-gonga.jpg\",\"datePublished\":\"2026-04-28T21:30:55+00:00\",\"breadcrumb\":{\"@id\":\"https:\/\/www.zoko.ro\/p\/husa-protectie-de-ploaie-reutilizabila-pentru-incaltaminte-din-cauciuc-gonga\/#breadcrumb\"},\"inLanguage\":\"en-GB\",\"potentialAction\":[{\"@type\":\"ReadAction\",\"target\":[\"https:\/\/www.zoko.ro\/p\/husa-protectie-de-ploaie-reutilizabila-pentru-incaltaminte-din-cauciuc-gonga\/\"]}]},{\"@type\":\"ImageObject\",\"inLanguage\":\"en-GB\",\"@id\":\"https:\/\/www.zoko.ro\/p\/husa-protectie-de-ploaie-reutilizabila-pentru-incaltaminte-din-cauciuc-gonga\/#primaryimage\",\"url\":\"https:\/\/www.zoko.ro\/wp-content\/uploads\/2025\/03\/husa-de-ploaie-reutilizabila-pentru-incaltaminte-albastru-gonga.jpg\",\"contentUrl\":\"https:\/\/www.zoko.ro\/wp-content\/uploads\/2025\/03\/husa-de-ploaie-reutilizabila-pentru-incaltaminte-albastru-gonga.jpg\",\"width\":800,\"height\":800},{\"@type\":\"BreadcrumbList\",\"@id\":\"https:\/\/www.zoko.ro\/p\/husa-protectie-de-ploaie-reutilizabila-pentru-incaltaminte-din-cauciuc-gonga\/#breadcrumb\",\"itemListElement\":[{\"@type\":\"ListItem\",\"position\":1,\"name\":\"Home\",\"item\":\"https:\/\/www.zoko.ro\/\"},{\"@type\":\"ListItem\",\"position\":2,\"name\":\"Magazin\",\"item\":\"https:\/\/www.zoko.ro\/magazin\/\"},{\"@type\":\"ListItem\",\"position\":3,\"name\":\"Husa\/protectie de ploaie, reutilizabila, pentru incaltaminte, din cauciuc, Gonga\u00ae\"}]},{\"@type\":\"WebSite\",\"@id\":\"https:\/\/www.zoko.ro\/#website\",\"url\":\"https:\/\/www.zoko.ro\/\",\"name\":\"ZOKO.ro\",\"description\":\"Cump\u0103r\u0103 inteligent\",\"publisher\":{\"@id\":\"https:\/\/www.zoko.ro\/#organization\"},\"potentialAction\":[{\"@type\":\"SearchAction\",\"target\":{\"@type\":\"EntryPoint\",\"urlTemplate\":\"https:\/\/www.zoko.ro\/?s={search_term_string}\"},\"query-input\":{\"@type\":\"PropertyValueSpecification\",\"valueRequired\":true,\"valueName\":\"search_term_string\"}}],\"inLanguage\":\"en-GB\"},{\"@type\":\"Organization\",\"@id\":\"https:\/\/www.zoko.ro\/#organization\",\"name\":\"ZOKO\",\"url\":\"https:\/\/www.zoko.ro\/\",\"logo\":{\"@type\":\"ImageObject\",\"inLanguage\":\"en-GB\",\"@id\":\"https:\/\/www.zoko.ro\/#\/schema\/logo\/image\/\",\"url\":\"https:\/\/www.zoko.ro\/wp-content\/uploads\/2025\/03\/logo1.svg\",\"contentUrl\":\"https:\/\/www.zoko.ro\/wp-content\/uploads\/2025\/03\/logo1.svg\",\"width\":799,\"height\":216,\"caption\":\"ZOKO\"},\"image\":{\"@id\":\"https:\/\/www.zoko.ro\/#\/schema\/logo\/image\/\"},\"sameAs\":[\"https:\/\/www.facebook.com\/profile.php?id=61584344135075\"]}]}<\/script>\n<!-- \/ Yoast SEO plugin. -->","yoast_head_json":{"title":"Husa\/protectie de ploaie, reutilizabila, pentru incaltaminte, din cauciuc, Gonga\u00ae | ZOKO","robots":{"index":"index","follow":"follow","max-snippet":"max-snippet:-1","max-image-preview":"max-image-preview:large","max-video-preview":"max-video-preview:-1"},"canonical":"https:\/\/www.zoko.ro\/en\/p\/husa-protectie-de-ploaie-reutilizabila-pentru-incaltaminte-din-cauciuc-gonga\/","og_locale":"en_GB","og_type":"article","og_title":"Husa\/protectie de ploaie, reutilizabila, pentru incaltaminte, din cauciuc, Gonga\u00ae | ZOKO","og_description":"Culoare: Albastru Huse impermeabile din silicon pentru \u00eenc\u0103l\u021b\u0103minte | Reutilizabile Protec\u021bie sigur\u0103 \u0219i elegant\u0103 \u00eempotriva ploii \u0219i umezelii! Aceste huse","og_url":"https:\/\/www.zoko.ro\/en\/p\/husa-protectie-de-ploaie-reutilizabila-pentru-incaltaminte-din-cauciuc-gonga\/","og_site_name":"ZOKO","article_publisher":"https:\/\/www.facebook.com\/profile.php?id=61584344135075","og_image":[{"width":800,"height":800,"url":"https:\/\/www.zoko.ro\/wp-content\/uploads\/2025\/03\/husa-de-ploaie-reutilizabila-pentru-incaltaminte-albastru-gonga.jpg","type":"image\/jpeg"}],"twitter_card":"summary_large_image","twitter_misc":{"Estimated reading time":"1 minute"},"schema":{"@context":"https:\/\/schema.org","@graph":[{"@type":"WebPage","@id":"https:\/\/www.zoko.ro\/p\/husa-protectie-de-ploaie-reutilizabila-pentru-incaltaminte-din-cauciuc-gonga\/","url":"https:\/\/www.zoko.ro\/p\/husa-protectie-de-ploaie-reutilizabila-pentru-incaltaminte-din-cauciuc-gonga\/","name":"Husa\/protectie de ploaie, reutilizabila, pentru incaltaminte, din cauciuc, Gonga\u00ae | ZOKO","isPartOf":{"@id":"https:\/\/www.zoko.ro\/#website"},"primaryImageOfPage":{"@id":"https:\/\/www.zoko.ro\/p\/husa-protectie-de-ploaie-reutilizabila-pentru-incaltaminte-din-cauciuc-gonga\/#primaryimage"},"image":{"@id":"https:\/\/www.zoko.ro\/p\/husa-protectie-de-ploaie-reutilizabila-pentru-incaltaminte-din-cauciuc-gonga\/#primaryimage"},"thumbnailUrl":"https:\/\/www.zoko.ro\/wp-content\/uploads\/2025\/03\/husa-de-ploaie-reutilizabila-pentru-incaltaminte-albastru-gonga.jpg","datePublished":"2026-04-28T21:30:55+00:00","breadcrumb":{"@id":"https:\/\/www.zoko.ro\/p\/husa-protectie-de-ploaie-reutilizabila-pentru-incaltaminte-din-cauciuc-gonga\/#breadcrumb"},"inLanguage":"en-GB","potentialAction":[{"@type":"ReadAction","target":["https:\/\/www.zoko.ro\/p\/husa-protectie-de-ploaie-reutilizabila-pentru-incaltaminte-din-cauciuc-gonga\/"]}]},{"@type":"ImageObject","inLanguage":"en-GB","@id":"https:\/\/www.zoko.ro\/p\/husa-protectie-de-ploaie-reutilizabila-pentru-incaltaminte-din-cauciuc-gonga\/#primaryimage","url":"https:\/\/www.zoko.ro\/wp-content\/uploads\/2025\/03\/husa-de-ploaie-reutilizabila-pentru-incaltaminte-albastru-gonga.jpg","contentUrl":"https:\/\/www.zoko.ro\/wp-content\/uploads\/2025\/03\/husa-de-ploaie-reutilizabila-pentru-incaltaminte-albastru-gonga.jpg","width":800,"height":800},{"@type":"BreadcrumbList","@id":"https:\/\/www.zoko.ro\/p\/husa-protectie-de-ploaie-reutilizabila-pentru-incaltaminte-din-cauciuc-gonga\/#breadcrumb","itemListElement":[{"@type":"ListItem","position":1,"name":"Home","item":"https:\/\/www.zoko.ro\/"},{"@type":"ListItem","position":2,"name":"Magazin","item":"https:\/\/www.zoko.ro\/magazin\/"},{"@type":"ListItem","position":3,"name":"Husa\/protectie de ploaie, reutilizabila, pentru incaltaminte, din cauciuc, Gonga\u00ae"}]},{"@type":"WebSite","@id":"https:\/\/www.zoko.ro\/#website","url":"https:\/\/www.zoko.ro\/","name":"ZOKO.ro","description":"Cump\u0103r\u0103 inteligent","publisher":{"@id":"https:\/\/www.zoko.ro\/#organization"},"potentialAction":[{"@type":"SearchAction","target":{"@type":"EntryPoint","urlTemplate":"https:\/\/www.zoko.ro\/?s={search_term_string}"},"query-input":{"@type":"PropertyValueSpecification","valueRequired":true,"valueName":"search_term_string"}}],"inLanguage":"en-GB"},{"@type":"Organization","@id":"https:\/\/www.zoko.ro\/#organization","name":"ZOKO","url":"https:\/\/www.zoko.ro\/","logo":{"@type":"ImageObject","inLanguage":"en-GB","@id":"https:\/\/www.zoko.ro\/#\/schema\/logo\/image\/","url":"https:\/\/www.zoko.ro\/wp-content\/uploads\/2025\/03\/logo1.svg","contentUrl":"https:\/\/www.zoko.ro\/wp-content\/uploads\/2025\/03\/logo1.svg","width":799,"height":216,"caption":"ZOKO"},"image":{"@id":"https:\/\/www.zoko.ro\/#\/schema\/logo\/image\/"},"sameAs":["https:\/\/www.facebook.com\/profile.php?id=61584344135075"]}]}},"_links":{"self":[{"href":"https:\/\/www.zoko.ro\/en\/wp-json\/wp\/v2\/product\/9980","targetHints":{"allow":["GET"]}}],"collection":[{"href":"https:\/\/www.zoko.ro\/en\/wp-json\/wp\/v2\/product"}],"about":[{"href":"https:\/\/www.zoko.ro\/en\/wp-json\/wp\/v2\/types\/product"}],"replies":[{"embeddable":true,"href":"https:\/\/www.zoko.ro\/en\/wp-json\/wp\/v2\/comments?post=9980"}],"version-history":[{"count":2,"href":"https:\/\/www.zoko.ro\/en\/wp-json\/wp\/v2\/product\/9980\/revisions"}],"predecessor-version":[{"id":31211,"href":"https:\/\/www.zoko.ro\/en\/wp-json\/wp\/v2\/product\/9980\/revisions\/31211"}],"wp:featuredmedia":[{"embeddable":true,"href":"https:\/\/www.zoko.ro\/en\/wp-json\/wp\/v2\/media\/9982"}],"wp:attachment":[{"href":"https:\/\/www.zoko.ro\/en\/wp-json\/wp\/v2\/media?parent=9980"}],"wp:term":[{"taxonomy":"product_brand","embeddable":true,"href":"https:\/\/www.zoko.ro\/en\/wp-json\/wp\/v2\/product_brand?post=9980"},{"taxonomy":"product_cat","embeddable":true,"href":"https:\/\/www.zoko.ro\/en\/wp-json\/wp\/v2\/product_cat?post=9980"},{"taxonomy":"product_tag","embeddable":true,"href":"https:\/\/www.zoko.ro\/en\/wp-json\/wp\/v2\/product_tag?post=9980"}],"curies":[{"name":"wp","href":"https:\/\/api.w.org\/{rel}","templated":true}]}}